{"id":139,"date":"2015-10-01T07:15:56","date_gmt":"2015-10-01T07:15:56","guid":{"rendered":"http:\/\/fuse.europadns.net\/?page_id=139"},"modified":"2023-03-27T11:09:52","modified_gmt":"2023-03-27T11:09:52","slug":"services","status":"publish","type":"page","link":"https:\/\/unite.com.pt\/fr\/services\/","title":{"rendered":"SERVICES"},"content":{"rendered":"<p>[vc_row css=\u00a0\u00bb.vc_custom_1472745887878{margin-top: 80px !important;margin-bottom: 0px !important;}\u00a0\u00bb][vc_column]<div class='headline'><h2><\/h2><h5>\u2014 Services \u2014<\/h5><\/div>[\/vc_column][\/vc_row][vc_row][vc_column][vc_column_text]<\/p>\n<p>[\/vc_column_text][\/vc_column][\/vc_row][vc_row css=\u00a0\u00bb.vc_custom_1472745928840{margin-top: 0px !important;margin-bottom: 20px !important;}\u00a0\u00bb][vc_column width=\u00a0\u00bb1\/3&Prime;][vc_single_image image=\u00a0\u00bb2242&Prime; img_size=\u00a0\u00bblarge\u00a0\u00bb][vc_column_text css=\u00a0\u00bb.vc_custom_1551277686313{margin-bottom: 10px !important;}\u00a0\u00bb]<\/p>\n<h4>Design de Produit<\/h4>\n<p>[\/vc_column_text][vc_column_text css=\u00a0\u00bb.vc_custom_1551277578882{margin-top: 0px !important;margin-bottom: 40px !important;}\u00a0\u00bb]<\/p>\n<p class=\"p1\">Notre \u00e9quipe de professionnelle et leur vaste exp\u00e9riences fondamental pour la d\u00e9finition du dessin du produit et son proc\u00e8s de production. <div class=\"show_more\"><p class=\"wpsm-show\" style=\"color: #ea8215; font-size: 100%; text-align: left;\"> En savoir moins<\/p><div class=\"wpsm-content\">Notre \u00e9quipe s\u2019engage a remplir toutes les exigences du projet et sa n\u00e9cessit\u00e9 de production, en maill\u00e8rent l\u2019efficacit\u00e9 des moules et la r\u00e9duction des couts de maintenance.<\/p>\n<p> <p class=\"wpsm-hide\" style=\"color: #ea8215; font-size: 100%; text-align: left;\"> En savoir plus<\/p><\/div><\/div>[\/vc_column_text][\/vc_column][vc_column width=\u00a0\u00bb1\/3&Prime;][vc_single_image image=\u00a0\u00bb2243&Prime; img_size=\u00a0\u00bblarge\u00a0\u00bb][vc_column_text css=\u00a0\u00bb.vc_custom_1551277472275{margin-bottom: 10px !important;}\u00a0\u00bb]<\/p>\n<h4 class=\"p1\">Budgets<\/h4>\n<p>[\/vc_column_text][vc_column_text css=\u00a0\u00bb.vc_custom_1551277565386{margin-top: 0px !important;margin-bottom: 40px !important;}\u00a0\u00bb]<\/p>\n<p class=\"p1\">A partir d\u2019un fichier CAD, image ou model, nous \u00e9laborons un budget d\u00e9taill\u00e9 pour chaque moule avec les caract\u00e9ristique plus relevant, les sp\u00e9cifications, mat\u00e9riaux.<div class=\"show_more\"><p class=\"wpsm-show\" style=\"color: #ea8215; font-size: 100%; text-align: left;\"> En savoir moins<\/p><div class=\"wpsm-content\"><\/p>\n<p>Les fichiers CAD provenant de diff\u00e9rente source peuvent \u00eatre re\u00e7us pour le budget.<\/p>\n<p>Pour une r\u00e9ponse rapide de budget nous sugg\u00e9rons l\u2019utilisation de notre adresse email:\u00a0<a class=\"no-jquery-address\" href=\"mailto:quotes@unite.com.pt\">quotes@unite.com.pt<\/a><\/p>\n<p> <p class=\"wpsm-hide\" style=\"color: #ea8215; font-size: 100%; text-align: left;\"> En savoir plus<\/p><\/div><\/div>[\/vc_column_text][\/vc_column][vc_column width=\u00a0\u00bb1\/3&Prime;][vc_single_image image=\u00a0\u00bb2245&Prime; img_size=\u00a0\u00bblarge\u00a0\u00bb][vc_column_text css=\u00a0\u00bb.vc_custom_1551277587859{margin-bottom: 10px !important;}\u00a0\u00bb]<\/p>\n<h4 class=\"p1\">Ing\u00e9nierie<\/h4>\n<p>[\/vc_column_text][vc_column_text css=\u00a0\u00bb.vc_custom_1551277635147{margin-top: 0px !important;margin-bottom: 40px !important;}\u00a0\u00bb]<\/p>\n<p class=\"p1\">Avec le support et le savoir-faire de notre \u00e9quipe, nous d\u00e9finissons un concept du moule e nous pr\u00e9sentons dans court d\u00e9lai une solution d\u2019ing\u00e9nierie pour chaque projet.<div class=\"show_more\"><p class=\"wpsm-show\" style=\"color: #ea8215; font-size: 100%; text-align: left;\"> En savoir moins<\/p><div class=\"wpsm-content\">Ind\u00e9pendamment du num\u00e9ro de moules, chaque dessin pr\u00e9sente les caract\u00e9ristiques les plus relevant (injection, extraction, mouvement, r\u00e9frig\u00e9ration et\u00a0?), pour que l\u2019approbation soit faites en d\u00e9tail avec nos clients, minimisant ainsi le gaspillage de temps et\u00a0 de ressources en phase de production.<\/p>\n<p> <p class=\"wpsm-hide\" style=\"color: #ea8215; font-size: 100%; text-align: left;\"> En savoir plus<\/p><\/div><\/div>[\/vc_column_text][\/vc_column][\/vc_row][vc_row css=\u00a0\u00bb.vc_custom_1555418759219{margin-bottom: 20px !important;}\u00a0\u00bb][vc_column width=\u00a0\u00bb1\/3&Prime;][vc_single_image image=\u00a0\u00bb2247&Prime; img_size=\u00a0\u00bblarge\u00a0\u00bb][vc_column_text css=\u00a0\u00bb.vc_custom_1551277648260{margin-bottom: 10px !important;}\u00a0\u00bb]<\/p>\n<h4 class=\"p1\">Simulation \/ Prototype<\/h4>\n<p>[\/vc_column_text][vc_column_text css=\u00a0\u00bb.vc_custom_1551277750460{margin-top: 0px !important;margin-bottom: 40px !important;}\u00a0\u00bb]<\/p>\n<p class=\"p1\">L\u2019acc\u00e8s a la plus r\u00e9cente technologie et aux ressource pour le d\u00e9veloppement d\u2019\u00e9tudes rh\u00e9ologiques, nous permet de fournir autant que n\u00e9cessaire, et avant la construction du moule, une simulation du processus de remplissage, permettant ainsi de localis\u00e9 les point d\u2019injection, ligne d\u2019union, n\u00e9cessit\u00e9 d\u2019\u00e9chappement de gaze et estimation de d\u00e9formation do produit final. <div class=\"show_more\"><p class=\"wpsm-show\" style=\"color: #ea8215; font-size: 100%; text-align: left;\"> En savoir moins<\/p><div class=\"wpsm-content\"><\/p>\n<p>Nous faisons recours \u00e0 des \u00e9chantillons de prototype pour effectu\u00e9s des tests visuels e m\u00e9caniques, autant que n\u00e9cessaire, avant la phase de construction des moules.<\/p>\n<p>Ces mesures de pr\u00e9ventions sont une \u00e9tape tr\u00e8s importante qui ira r\u00e9duire substantiellement le temps et le cout des r\u00e9glages \u00e0 faire apr\u00e8s le premier essaie.<\/p>\n<p> <p class=\"wpsm-hide\" style=\"color: #ea8215; font-size: 100%; text-align: left;\"> En savoir plus<\/p><\/div><\/div>[\/vc_column_text][\/vc_column][vc_column width=\u00a0\u00bb1\/3&Prime;][vc_single_image image=\u00a0\u00bb2248&Prime; img_size=\u00a0\u00bblarge\u00a0\u00bb][vc_column_text css=\u00a0\u00bb.vc_custom_1551277756531{margin-bottom: 10px !important;}\u00a0\u00bb]<\/p>\n<h4>Planning<\/h4>\n<p>[\/vc_column_text][vc_column_text css=\u00a0\u00bb.vc_custom_1551277762668{margin-top: 0px !important;margin-bottom: 40px !important;}\u00a0\u00bb]<\/p>\n<p class=\"p1\">Unite fourni a ses client un plan de toutes les \u00e9tapes du projet, permettant ainsi l\u2019accompagnement syst\u00e9matique de votre projet.<\/p>\n<p>[\/vc_column_text][\/vc_column][vc_column width=\u00a0\u00bb1\/3&Prime;][vc_single_image image=\u00a0\u00bb2250&Prime; img_size=\u00a0\u00bblarge\u00a0\u00bb][vc_column_text css=\u00a0\u00bb.vc_custom_1551277767794{margin-bottom: 10px !important;}\u00a0\u00bb]<\/p>\n<h4 class=\"p1\">Production<\/h4>\n<p>[\/vc_column_text][vc_column_text css=\u00a0\u00bb.vc_custom_1551277795076{margin-top: 0px !important;margin-bottom: 40px !important;}\u00a0\u00bb]<\/p>\n<p class=\"p1\">Unite cherche les meilleures solutions pour la construction de chaque moule dans une liste de fournisseur qualifi\u00e9. <div class=\"show_more\"><p class=\"wpsm-show\" style=\"color: #ea8215; font-size: 100%; text-align: left;\"> En savoir moins<\/p><div class=\"wpsm-content\">La connaissance du march\u00e9 e de ces fournisseurs permet \u00e0 l\u2019\u00e9quipe Unite garantir que les ressources n\u00e9cessaires seront disponible en phase de fabrication, garantissant les caract\u00e9ristiques du projet ainsi comme les temps d\u2019ex\u00e9cution.<\/p>\n<p> <p class=\"wpsm-hide\" style=\"color: #ea8215; font-size: 100%; text-align: left;\"> En savoir plus<\/p><\/div><\/div>[\/vc_column_text][\/vc_column][\/vc_row][vc_row css=\u00a0\u00bb.vc_custom_1472804026083{margin-bottom: 80px !important;}\u00a0\u00bb][vc_column width=\u00a0\u00bb1\/3&Prime;][vc_single_image image=\u00a0\u00bb5466&Prime; img_size=\u00a0\u00bblarge\u00a0\u00bb][vc_column_text css=\u00a0\u00bb.vc_custom_1551277802890{margin-bottom: 10px !important;}\u00a0\u00bb]<\/p>\n<h4 class=\"p1\">Essaie<\/h4>\n<p>[\/vc_column_text][vc_column_text css=\u00a0\u00bb.vc_custom_1551277821794{margin-top: 0px !important;margin-bottom: 40px !important;}\u00a0\u00bb]<\/p>\n<p class=\"p1\">La pratique des essaies est une \u00e9tape critique en terme de validation m\u00e9canique des moules.<div class=\"show_more\"><p class=\"wpsm-show\" style=\"color: #ea8215; font-size: 100%; text-align: left;\"> En savoir moins<\/p><div class=\"wpsm-content\">En utilisans des machines similaires a celles utilis\u00e9 para nos client, Unite duplique de forme similaire l\u2019ambiance de production, garantisant les param\u00e9tre de moulage final puisse \u00eatre r\u00e9pliq.<\/p>\n<p> <p class=\"wpsm-hide\" style=\"color: #ea8215; font-size: 100%; text-align: left;\"> En savoir plus<\/p><\/div><\/div>[\/vc_column_text][\/vc_column][vc_column width=\u00a0\u00bb1\/3&Prime;][vc_single_image image=\u00a0\u00bb2252&Prime; img_size=\u00a0\u00bbfull\u00a0\u00bb alignment=\u00a0\u00bbcenter\u00a0\u00bb][vc_column_text css=\u00a0\u00bb.vc_custom_1551277829260{margin-bottom: 10px !important;}\u00a0\u00bb]<\/p>\n<h4 class=\"p1\">Metrology \/ Validation<\/h4>\n<p>[\/vc_column_text][vc_column_text css=\u00a0\u00bb.vc_custom_1551277852556{margin-top: 0px !important;margin-bottom: 40px !important;}\u00a0\u00bb]<\/p>\n<p class=\"p1\">Parachever le cycle de l&rsquo;approvisionnement de nos moules Unite proc\u00e8de \u00e0 la validation des dimensions des \u00e9chantillons obtenus \u00e0 l&rsquo;aide CMM ou \u00e9quipement optique. <div class=\"show_more\"><p class=\"wpsm-show\" style=\"color: #ea8215; font-size: 100%; text-align: left;\"> En savoir moins<\/p><div class=\"wpsm-content\">Les dimensions critiques sont mesur\u00e9s et les r\u00e9sultats fournis \u00e0 nos clients gr\u00e2ce \u00e0 un rapport de mesure.<\/p>\n<p> <p class=\"wpsm-hide\" style=\"color: #ea8215; font-size: 100%; text-align: left;\"> En savoir plus<\/p><\/div><\/div>[\/vc_column_text][\/vc_column][vc_column width=\u00a0\u00bb1\/3&Prime;][vc_single_image image=\u00a0\u00bb2251&Prime; img_size=\u00a0\u00bbfull\u00a0\u00bb alignment=\u00a0\u00bbcenter\u00a0\u00bb][vc_column_text css=\u00a0\u00bb.vc_custom_1551277860547{margin-bottom: 10px !important;}\u00a0\u00bb]<\/p>\n<h4 class=\"p1\">Syst\u00e8me de Garantie de Qualit\u00e9<\/h4>\n<p>[\/vc_column_text][vc_column_text css=\u00a0\u00bb.vc_custom_1557237925688{margin-top: 0px !important;margin-bottom: 40px !important;}\u00a0\u00bb]<\/p>\n<p class=\"p1\">Unite c\u2019est Certifi\u00e9 ISO 9001:2015<\/p>\n<p>[\/vc_column_text][\/vc_column][\/vc_row][vc_row][vc_column][vc_raw_html]JTNDZGl2JTIwY2xhc3MlM0QlMjJnb3Rhcy1ncnVwbyUyMiUyMHN0eWxlJTNEJTIyZGlzcGxheSUzQSUyMC13ZWJraXQtZmxleCUzQiUyMCUyRiUyQSUyMFNhZmFyaSUyMCUyQSUyRiUyMC13ZWJraXQtanVzdGlmeS1jb250ZW50JTNBJTIwc3BhY2UtYXJvdW5kJTNCJTIwJTJGJTJBJTIwU2FmYXJpJTIwNi4xJTJCJTIwJTJBJTJGJTIwZGlzcGxheSUzQSUyMGZsZXglM0IlMjBqdXN0aWZ5LWNvbnRlbnQlM0ElMjBzcGFjZS1hcm91bmQlM0IlMjIlM0UlMEElM0NhJTIwaHJlZiUzRCUyMmh0dHAlM0ElMkYlMkZkcnRtb2xkZXMuY29tJTJGJTIyJTIwdGFyZ2V0JTNEJTIyX2JsYW5rJTIyJTIwc3R5bGUlM0QlMjJwYWRkaW5nJTNBJTIwMTBweCUzQiUyMiUzRSUwQSUyMCUyMCUzQ2ltZyUyMHNyYyUzRCUyMiUyRndwLWNvbnRlbnQlMkZ1cGxvYWRzJTJGMjAxNiUyRjEwJTJGTW91bGRzLnBuZyUyMiUyMGFsdCUzRCUyMkhvdmVyJTIwdG8lMjByZXZlYWwlMjB0aGUlMjBsb2NhdGlvbiUyMG9uJTIwdGhlJTIwbWFwJTIyJTBBJTIwJTIwJTIwJTIwJTIwJTIwb25tb3VzZW92ZXIlM0QlMjJ0aGlzLnNyYyUzRCUyNyUyRndwLWNvbnRlbnQlMkZ1cGxvYWRzJTJGMjAxNiUyRjEwJTJGTW91bGRzX0MucG5nJTI3JTNCJTIyJTBBJTIwJTIwJTIwJTIwJTIwJTIwb25tb3VzZW91dCUzRCUyMnRoaXMuc3JjJTNEJTI3JTJGd3AtY29udGVudCUyRnVwbG9hZHMlMkYyMDE2JTJGMTAlMkZNb3VsZHMucG5nJTI3JTNCJTIyJTJGJTNFJTBBJTNDJTJGYSUzRSUwQSUzQ2ElMjBocmVmJTNEJTIyJTIyJTIwdGFyZ2V0JTNEJTIyX2JsYW5rJTIyJTIwc3R5bGUlM0QlMjJwYWRkaW5nJTNBJTIwMTBweCUzQiUyMiUzRSUwQSUyMCUyMCUzQ2ltZyUyMHNyYyUzRCUyMiUyRndwLWNvbnRlbnQlMkZ1cGxvYWRzJTJGMjAxNiUyRjEwJTJGTWljcm8ucG5nJTIyJTIwYWx0JTNEJTIySG92ZXIlMjB0byUyMHJldmVhbCUyMHRoZSUyMGxvY2F0aW9uJTIwb24lMjB0aGUlMjBtYXAlMjIlMEElMjAlMjAlMjAlMjAlMjAlMjBvbm1vdXNlb3ZlciUzRCUyMnRoaXMuc3JjJTNEJTI3JTJGd3AtY29udGVudCUyRnVwbG9hZHMlMkYyMDE2JTJGMTAlMkZNaWNyb19DLnBuZyUyNyUzQiUyMiUwQSUyMCUyMCUyMCUyMCUyMCUyMG9ubW91c2VvdXQlM0QlMjJ0aGlzLnNyYyUzRCUyNyUyRndwLWNvbnRlbnQlMkZ1cGxvYWRzJTJGMjAxNiUyRjEwJTJGTWljcm8ucG5nJTI3JTNCJTIyJTJGJTNFJTBBJTNDJTJGYSUzRSUwQSUzQ2ElMjBocmVmJTNEJTIyJTIyJTIwdGFyZ2V0JTNEJTIyX2JsYW5rJTIyJTIwc3R5bGUlM0QlMjJwYWRkaW5nJTNBJTIwMTBweCUzQiUyMiUzRSUwQSUyMCUyMCUzQ2ltZyUyMHNyYyUzRCUyMiUyRndwLWNvbnRlbnQlMkZ1cGxvYWRzJTJGMjAxNiUyRjEwJTJGUGxhc3RpYy5wbmclMjIlMjBhbHQlM0QlMjJIb3ZlciUyMHRvJTIwcmV2ZWFsJTIwdGhlJTIwbG9jYXRpb24lMjBvbiUyMHRoZSUyMG1hcCUyMiUwQSUyMCUyMCUyMCUyMCUyMCUyMG9ubW91c2VvdmVyJTNEJTIydGhpcy5zcmMlM0QlMjclMkZ3cC1jb250ZW50JTJGdXBsb2FkcyUyRjIwMTYlMkYxMCUyRlBsYXN0aWNfQy5wbmclMjclM0IlMjIlMEElMjAlMjAlMjAlMjAlMjAlMjBvbm1vdXNlb3V0JTNEJTIydGhpcy5zcmMlM0QlMjclMkZ3cC1jb250ZW50JTJGdXBsb2FkcyUyRjIwMTYlMkYxMCUyRlBsYXN0aWMucG5nJTI3JTNCJTIyJTJGJTNFJTBBJTNDJTJGYSUzRSUwQSUzQ2ElMjBocmVmJTNEJTIyaHR0cCUzQSUyRiUyRnVuaXRlLmNvbS5wdCUyRiUyMiUyMHRhcmdldCUzRCUyMl9ibGFuayUyMiUyMHN0eWxlJTNEJTIycGFkZGluZyUzQSUyMDEwcHglM0IlMjIlM0UlMEElMjAlMjAlM0NpbWclMjBzcmMlM0QlMjIlMkZ3cC1jb250ZW50JTJGdXBsb2FkcyUyRjIwMTYlMkYxMCUyRlVuaXRlLnBuZyUyMiUyMGFsdCUzRCUyMkhvdmVyJTIwdG8lMjByZXZlYWwlMjB0aGUlMjBsb2NhdGlvbiUyMG9uJTIwdGhlJTIwbWFwJTIyJTBBJTIwJTIwJTIwJTIwJTIwJTIwb25tb3VzZW92ZXIlM0QlMjJ0aGlzLnNyYyUzRCUyNyUyRndwLWNvbnRlbnQlMkZ1cGxvYWRzJTJGMjAxNiUyRjEwJTJGVW5pdGVfQy5wbmclMjclM0IlMjIlMEElMjAlMjAlMjAlMjAlMjAlMjBvbm1vdXNlb3V0JTNEJTIydGhpcy5zcmMlM0QlMjclMkZ3cC1jb250ZW50JTJGdXBsb2FkcyUyRjIwMTYlMkYxMCUyRlVuaXRlLnBuZyUyNyUzQiUyMiUyRiUzRSUwQSUzQyUyRmElM0UlMEElM0NhJTIwaHJlZiUzRCUyMmh0dHAlM0ElMkYlMkZkcnRlY2guZXUlMjIlMjB0YXJnZXQlM0QlMjJfYmxhbmslMjIlMjBzdHlsZSUzRCUyMnBhZGRpbmclM0ElMjAxMHB4JTNCJTIyJTNFJTBBJTIwJTIwJTNDaW1nJTIwc3JjJTNEJTIyJTJGd3AtY29udGVudCUyRnVwbG9hZHMlMkYyMDE3JTJGMDElMkZEUlRlY2gucG5nJTIyJTIwYWx0JTNEJTIySG92ZXIlMjB0byUyMHJldmVhbCUyMHRoZSUyMGxvY2F0aW9uJTIwb24lMjB0aGUlMjBtYXAlMjIlMEElMjAlMjAlMjAlMjAlMjAlMjBvbm1vdXNlb3ZlciUzRCUyMnRoaXMuc3JjJTNEJTI3JTJGd3AtY29udGVudCUyRnVwbG9hZHMlMkYyMDE3JTJGMDElMkZEUlRlY2hfQy5wbmclMjclM0IlMjIlMEElMjAlMjAlMjAlMjAlMjAlMjBvbm1vdXNlb3V0JTNEJTIydGhpcy5zcmMlM0QlMjclMkZ3cC1jb250ZW50JTJGdXBsb2FkcyUyRjIwMTclMkYwMSUyRkRSVGVjaC5wbmclMjclM0IlMjIlMkYlM0UlMEElM0MlMkZhJTNFJTBBJTNDJTJGZGl2JTNF[\/vc_raw_html][\/vc_column][\/vc_row]<\/p>","protected":false},"excerpt":{"rendered":"<p>[vc_row css=\u00a0\u00bb.vc_custom_1472745887878{margin-top: 80px !important;margin-bottom: 0px !important;}\u00a0\u00bb][vc_column][\/vc_column][\/vc_row][vc_row][vc_column][vc_column_text] [\/vc_column_text][\/vc_column][\/vc_row][vc_row css=\u00a0\u00bb.vc_custom_1472745928840{margin-top: 0px !important;margin-bottom: 20px !important;}\u00a0\u00bb][vc_column width=\u00a0\u00bb1\/3&Prime;][vc_single_image image=\u00a0\u00bb2242&Prime; img_size=\u00a0\u00bblarge\u00a0\u00bb][vc_column_text css=\u00a0\u00bb.vc_custom_1551277686313{margin-bottom: 10px !important;}\u00a0\u00bb] Design de Produit [\/vc_column_text][vc_column_text css=\u00a0\u00bb.vc_custom_1551277578882{margin-top: 0px !important;margin-bottom: 40px !important;}\u00a0\u00bb] Notre \u00e9quipe de professionnelle et leur vaste exp\u00e9riences fondamental pour la d\u00e9finition du dessin du produit et son proc\u00e8s de production. [\/vc_column_text][\/vc_column][vc_column width=\u00a0\u00bb1\/3&Prime;][vc_single_image image=\u00a0\u00bb2243&Prime; img_size=\u00a0\u00bblarge\u00a0\u00bb][vc_column_text css=\u00a0\u00bb.vc_custom_1551277472275{margin-bottom: 10px !important;}\u00a0\u00bb]&#8230;<\/p>\n","protected":false},"author":1,"featured_media":0,"parent":0,"menu_order":0,"comment_status":"closed","ping_status":"closed","template":"","meta":{"footnotes":""},"class_list":["post-139","page","type-page","status-publish","hentry"],"_links":{"self":[{"href":"https:\/\/unite.com.pt\/fr\/wp-json\/wp\/v2\/pages\/139","targetHints":{"allow":["GET"]}}],"collection":[{"href":"https:\/\/unite.com.pt\/fr\/wp-json\/wp\/v2\/pages"}],"about":[{"href":"https:\/\/unite.com.pt\/fr\/wp-json\/wp\/v2\/types\/page"}],"author":[{"embeddable":true,"href":"https:\/\/unite.com.pt\/fr\/wp-json\/wp\/v2\/users\/1"}],"replies":[{"embeddable":true,"href":"https:\/\/unite.com.pt\/fr\/wp-json\/wp\/v2\/comments?post=139"}],"version-history":[{"count":76,"href":"https:\/\/unite.com.pt\/fr\/wp-json\/wp\/v2\/pages\/139\/revisions"}],"predecessor-version":[{"id":5467,"href":"https:\/\/unite.com.pt\/fr\/wp-json\/wp\/v2\/pages\/139\/revisions\/5467"}],"wp:attachment":[{"href":"https:\/\/unite.com.pt\/fr\/wp-json\/wp\/v2\/media?parent=139"}],"curies":[{"name":"wp","href":"https:\/\/api.w.org\/{rel}","templated":true}]}}