{"id":102,"date":"2015-09-30T13:14:57","date_gmt":"2015-09-30T13:14:57","guid":{"rendered":"http:\/\/fuse.europadns.net\/?page_id=102"},"modified":"2023-03-03T16:41:49","modified_gmt":"2023-03-03T16:41:49","slug":"about","status":"publish","type":"page","link":"https:\/\/unite.com.pt\/fr\/about\/","title":{"rendered":"Unite"},"content":{"rendered":"<p>[vc_row content_placement=\u00a0\u00bbmiddle\u00a0\u00bb css=\u00a0\u00bb.vc_custom_1677861707844{margin-top: -30px !important;margin-bottom: 80px !important;}\u00a0\u00bb][vc_column width=\u00a0\u00bb1\/2&Prime;][vc_single_image image=\u00a0\u00bb2222&Prime; img_size=\u00a0\u00bbfull\u00a0\u00bb alignment=\u00a0\u00bbcenter\u00a0\u00bb][\/vc_column][vc_column width=\u00a0\u00bb1\/2&Prime;][vc_row_inner content_placement=\u00a0\u00bbmiddle\u00a0\u00bb][vc_column_inner][vc_column_text]<strong>Unite Global Tooling Solutions<\/strong> d\u00e9veloppe son activit\u00e9 dans le cadre de gestion de projet, ing\u00e9nierie et construction de moules pour l\u2019industrie du plastique et moulage sous pression. Ins\u00e9r\u00e9 dans un groupe d\u2019entreprise solide avec une main d\u2019\u0153uvre et techniciens sp\u00e9cialis\u00e9 Unite Global Tooling Solutions exporte la g\u00e9n\u00e9ralit\u00e9 de ses projets aux march\u00e9s internationaux garantissant le fournissement de la meilleure solution pour la n\u00e9cessit\u00e9 de sa client\u00e8le.<\/p>\n<p>Notre \u00e9quipe est constitu\u00e9 par des professionnelles dot\u00e9 d\u2019une large exp\u00e9rience en gestion de projet e ing\u00e9nierie de moule, unie dans l\u2019objectif de garantir la pleine satisfaction de nos clients. Le dynamisme, cr\u00e9ativit\u00e9 e flexibilit\u00e9 de nos collaborateurs permet donn\u00e9 une r\u00e9ponse ad\u00e9quate a la demande du march\u00e9.[\/vc_column_text][\/vc_column_inner][\/vc_row_inner][\/vc_column][\/vc_row][vc_row][vc_column width=\u00a0\u00bb1\/3&Prime; css=\u00a0\u00bb.vc_custom_1472806744428{margin-bottom: 40px !important;}\u00a0\u00bb][vc_column_text]<\/p>\n<h3 style=\"text-align: left;\"><span style=\"color: #ea8215;\">MISSION<\/span><\/h3>\n<hr style=\"margin-top: 4px;\" \/>\n<p style=\"text-align: left;\">Nous soutenons et coop\u00e9rons avec nos clients et fournisseurs dans la recherche des meilleures solutions technologiques, anticipant leurs besoins en r\u00e9pondant aux d\u00e9fis pos\u00e9s par les march\u00e9s. La coop\u00e9ration \u00e0 long terme avec nos clients, et fournisseurs , leur enti\u00e8re satisfaction motivent l&rsquo;organisation, cr\u00e9ativit\u00e9 et la passion de notre \u00e9quipe<\/p>\n<p>[\/vc_column_text][\/vc_column][vc_column width=\u00a0\u00bb1\/3&Prime; css=\u00a0\u00bb.vc_custom_1472806750117{margin-bottom: 40px !important;}\u00a0\u00bb][vc_column_text]<\/p>\n<h3 style=\"text-align: left;\"><span style=\"color: #ea8215;\">VISION<\/span><\/h3>\n<hr style=\"margin-top: 4px;\" \/>\n<p>UNITE a pour objectif d&rsquo;\u00eatre reconnu comme un partenaire de r\u00e9f\u00e9rence sur les march\u00e9s o\u00f9 op\u00e8re, en ajoutant de la valeur \u00e0 chaque projet , s&rsquo;appuyant sur une culture de la qualit\u00e9 d&rsquo;innovation bas\u00e9 sur la connaissance et exp\u00e9rience. Notre succ\u00e8s d\u00e9pend de nos collaborateurs ,nous garantissons une ambiance de travail qui d\u00e9fi et pourvois leur total potentiel.<\/p>\n<p>Professionnalisme et confiance sont les piliers de la culture de notre entreprise[\/vc_column_text][\/vc_column][vc_column width=\u00a0\u00bb1\/3&Prime;][vc_column_text]<\/p>\n<h3 style=\"text-align: left;\"><span style=\"color: #ea8215;\">VALEURS<\/span><\/h3>\n<hr style=\"margin-top: 4px;\" \/>\n<p style=\"text-align: left;\"><strong>ORIENTATION POUR LE CLIENT<br \/>\n<\/strong>Sentiment d&rsquo;engagement et satisfaction;<br \/>\n<strong>CULTURE DE RIGUEUR<br \/>\n<\/strong>Bien faire toujours en s&rsquo;am\u00e9liorent;<br \/>\n<strong>COOP\u00c9RATION INTERNE ET EXTERNE<br \/>\n<\/strong>Gr\u00e2ce au travail d\u2019\u00e9quipe et \u00e0 la collaboration avec clients et fournisseurs;<br \/>\n<strong>CR\u00c9ATION DE VALEUR<br \/>\n<\/strong>Par l&rsquo;orientation pour les r\u00e9sultats.<\/p>\n<p>[\/vc_column_text][\/vc_column][\/vc_row][vc_row css=\u00a0\u00bb.vc_custom_1552480387879{margin-bottom: 80px !important;}\u00a0\u00bb][vc_column][vc_column_text]<\/p>\n<h3 style=\"text-align: left;\"><span style=\"color: #ea8215;\">POLITIQUE DE QUALIT\u00c9<\/span><\/h3>\n<hr \/>\n<p>La politique de qualit\u00e9 d&rsquo;UNITE repose sur les suivant principes:<br \/>\n&#8211; Atteindre un niveau \u00e9lev\u00e9 de satisfaction des clients dans le cadre de conception, d\u00e9veloppement et production de moules pour injection plastique et moulage sous pression.<br \/>\n&#8211; D\u00e9velopper le facteur humain;<br \/>\n&#8211; Mettre en \u0153uvre des pratiques qui favorise une culture qualit\u00e9 et d&rsquo;innovation;<br \/>\n&#8211; Promouvoir des relations de confiance et de partenariat avec les clients, fournisseurs et d\u2019autres entit\u00e9s (p\u00f4les de d\u00e9veloppement, etc&#8230;)<br \/>\n&#8211; Maintenir une mise \u00e0 jour technique et technologique permanente des \u00e9quipements, syst\u00e8mes et des op\u00e9rateurs;<br \/>\n&#8211; R\u00e9pondre aux exigences l\u00e9gales, des client et norme;<br \/>\n&#8211; Am\u00e9liorer de forme continue l&rsquo;efficacit\u00e9 et performances des processus en proposant des produits et services qui r\u00e9ponde aux normes des plus strictes technologiques .[\/vc_column_text][\/vc_column][\/vc_row]<\/p>","protected":false},"excerpt":{"rendered":"<p>[vc_row content_placement=\u00a0\u00bbmiddle\u00a0\u00bb css=\u00a0\u00bb.vc_custom_1677861707844{margin-top: -30px !important;margin-bottom: 80px !important;}\u00a0\u00bb][vc_column width=\u00a0\u00bb1\/2&Prime;][vc_single_image image=\u00a0\u00bb2222&Prime; img_size=\u00a0\u00bbfull\u00a0\u00bb alignment=\u00a0\u00bbcenter\u00a0\u00bb][\/vc_column][vc_column width=\u00a0\u00bb1\/2&Prime;][vc_row_inner content_placement=\u00a0\u00bbmiddle\u00a0\u00bb][vc_column_inner][vc_column_text]Unite Global Tooling Solutions d\u00e9veloppe son activit\u00e9 dans le cadre de gestion de projet, ing\u00e9nierie et construction de moules pour l\u2019industrie du plastique et moulage sous pression. Ins\u00e9r\u00e9 dans un groupe d\u2019entreprise solide avec une main d\u2019\u0153uvre et techniciens sp\u00e9cialis\u00e9 Unite Global Tooling&#8230;<\/p>\n","protected":false},"author":1,"featured_media":0,"parent":0,"menu_order":0,"comment_status":"closed","ping_status":"closed","template":"","meta":{"footnotes":""},"class_list":["post-102","page","type-page","status-publish","hentry"],"_links":{"self":[{"href":"https:\/\/unite.com.pt\/fr\/wp-json\/wp\/v2\/pages\/102","targetHints":{"allow":["GET"]}}],"collection":[{"href":"https:\/\/unite.com.pt\/fr\/wp-json\/wp\/v2\/pages"}],"about":[{"href":"https:\/\/unite.com.pt\/fr\/wp-json\/wp\/v2\/types\/page"}],"author":[{"embeddable":true,"href":"https:\/\/unite.com.pt\/fr\/wp-json\/wp\/v2\/users\/1"}],"replies":[{"embeddable":true,"href":"https:\/\/unite.com.pt\/fr\/wp-json\/wp\/v2\/comments?post=102"}],"version-history":[{"count":97,"href":"https:\/\/unite.com.pt\/fr\/wp-json\/wp\/v2\/pages\/102\/revisions"}],"predecessor-version":[{"id":5442,"href":"https:\/\/unite.com.pt\/fr\/wp-json\/wp\/v2\/pages\/102\/revisions\/5442"}],"wp:attachment":[{"href":"https:\/\/unite.com.pt\/fr\/wp-json\/wp\/v2\/media?parent=102"}],"curies":[{"name":"wp","href":"https:\/\/api.w.org\/{rel}","templated":true}]}}