{"id":2332,"date":"2019-03-13T12:28:15","date_gmt":"2019-03-13T12:28:15","guid":{"rendered":"http:\/\/dev.unite.com.pt\/?page_id=2332"},"modified":"2019-05-07T16:50:51","modified_gmt":"2019-05-07T16:50:51","slug":"technologies","status":"publish","type":"page","link":"https:\/\/unite.com.pt\/es\/technologies\/","title":{"rendered":"Tecnologias"},"content":{"rendered":"<p>[vc_row css=\u00bb.vc_custom_1472804016889{margin-top: -20px !important;margin-bottom: 0px !important;}\u00bb][vc_column]<div class='headline'><h2><\/h2><h5>\u2014 Tecnologias \u2014<\/h5><\/div>[\/vc_column][\/vc_row][vc_row css=\u00bb.vc_custom_1472803931853{margin-top: 0px !important;}\u00bb][vc_column][vc_tta_tour style=\u00bboutline\u00bb shape=\u00bbsquare\u00bb spacing=\u00bb\u00bb active_section=\u00bb1&#8243; el_class=\u00bbfuse-v tabs-tecnologia\u00bb][vc_tta_section title=\u00bbSobremoldeo y moldeo de insertos\u00bb tab_id=\u00bb1472801699865-55cb451c-fa70&#8243;][vc_single_image image=\u00bb2234&#8243; img_size=\u00bbfull\u00bb alignment=\u00bbcenter\u00bb][vc_column_text css=\u00bb.vc_custom_1557247714796{padding-right: 40px !important;padding-bottom: 40px !important;padding-left: 40px !important;}\u00bb]<\/p>\n<hr \/>\n<p>Unite provee moldes para piezas\u00a0 multi-componente. Nuestro Equipo\u00a0 de Ingenier\u00eda provee y propone la soluci\u00f3n m\u00e1s adecuada para el moldeo de piezas 2K y 3K.[\/vc_column_text][\/vc_tta_section][vc_tta_section title=\u00bbMoldes con inyecci\u00f3n Asistida a Gas\u00bb tab_id=\u00bb1472801699996-22e24074-16a8&#8243;][vc_single_image image=\u00bb2235&#8243; img_size=\u00bbfull\u00bb][vc_column_text css=\u00bb.vc_custom_1551278368337{padding-right: 40px !important;padding-bottom: 40px !important;padding-left: 40px !important;}\u00bb]<\/p>\n<hr \/>\n<p>Las\u00a0 piezas con inyecci\u00f3n asistida a gas son largamente utilizada en los diversos\u00a0 mercados desde la Industria Automotriz a las Aplicaciones Domesticas.<\/p>\n<p>El equipo Unite provee las soluciones mas adecuadas en Moldes para utilizaci\u00f3n de esta tecnolog\u00eda.[\/vc_column_text][\/vc_tta_section][vc_tta_section title=\u00bbMoldes Sandwich y Tandem\u00bb tab_id=\u00bb1472802228421-d113d6be-018d\u00bb][vc_single_image image=\u00bb2438&#8243; img_size=\u00bbfull\u00bb][vc_column_text css=\u00bb.vc_custom_1551278388650{padding-right: 40px !important;padding-bottom: 40px !important;padding-left: 40px !important;}\u00bb]<\/p>\n<hr \/>\n<p>Unite provee a sus clientes Moldes Sandwich y Tandem de acuerdo con las maquinas de inyecci\u00f3n indicadas\u00a0 y\u00a0 requisitos de producto. Valida su funci\u00f3n duplicando el ambiente de producci\u00f3n.[\/vc_column_text][\/vc_tta_section][vc_tta_section title=\u00bbIML\u00bb tab_id=\u00bb1472802245349-62f16f84-e6be\u00bb][vc_single_image image=\u00bb2236&#8243; img_size=\u00bbfull\u00bb][vc_column_text css=\u00bb.vc_custom_1551278400240{padding-right: 40px !important;padding-bottom: 40px !important;padding-left: 40px !important;}\u00bb]<\/p>\n<hr \/>\n<p>Los moldes Unite con tecnolog\u00eda IML aseguran a nuestros clientes el concepto mas adecuado para utilizaci\u00f3n de esta tecnolog\u00eda.[\/vc_column_text][\/vc_tta_section][vc_tta_section title=\u00bbSobre-moldeo y Moldeo de Insertos\u00bb tab_id=\u00bb1472802267986-721a34da-b6a7&#8243;][vc_single_image image=\u00bb2237&#8243; img_size=\u00bbfull\u00bb][vc_column_text css=\u00bb.vc_custom_1551278417769{padding-right: 40px !important;padding-bottom: 40px !important;padding-left: 40px !important;}\u00bb]<\/p>\n<hr \/>\n<p>Unite suministra moldes para utilizaci\u00f3n de Tecnolog\u00eda de Sobre-moldeo o Moldeo de Insertos. Unite asegura consistencia en el proceso de producci\u00f3n y calidad final del producto.[\/vc_column_text][\/vc_tta_section][vc_tta_section title=\u00bbFundici\u00f3n Inyectada\u00bb tab_id=\u00bb1472802336793-98612d52-34be\u00bb][vc_single_image image=\u00bb2238&#8243; img_size=\u00bbfull\u00bb][vc_column_text css=\u00bb.vc_custom_1551278436104{padding-right: 40px !important;padding-bottom: 40px !important;padding-left: 40px !important;}\u00bb]<\/p>\n<hr \/>\n<p>Utilizando el tipo de acero y proyecto mas adecuado, Unite suministra moldes para Fundici\u00f3n Inyectada garantizando una vida \u00fatil mas larga de los moldes y una menor necesidad de mantenimiento de los mismos.[\/vc_column_text][\/vc_tta_section][\/vc_tta_tour][\/vc_column][\/vc_row]<\/p>","protected":false},"excerpt":{"rendered":"<p>[vc_row css=\u00bb.vc_custom_1472804016889{margin-top: -20px !important;margin-bottom: 0px !important;}\u00bb][vc_column][\/vc_column][\/vc_row][vc_row css=\u00bb.vc_custom_1472803931853{margin-top: 0px !important;}\u00bb][vc_column][vc_tta_tour style=\u00bboutline\u00bb shape=\u00bbsquare\u00bb spacing=\u00bb\u00bb active_section=\u00bb1&#8243; el_class=\u00bbfuse-v tabs-tecnologia\u00bb][vc_tta_section title=\u00bbSobremoldeo y moldeo de insertos\u00bb tab_id=\u00bb1472801699865-55cb451c-fa70&#8243;][vc_single_image image=\u00bb2234&#8243; img_size=\u00bbfull\u00bb alignment=\u00bbcenter\u00bb][vc_column_text css=\u00bb.vc_custom_1557247714796{padding-right: 40px !important;padding-bottom: 40px !important;padding-left: 40px !important;}\u00bb] Unite provee moldes para piezas\u00a0 multi-componente. Nuestro Equipo\u00a0 de Ingenier\u00eda provee y propone la soluci\u00f3n m\u00e1s adecuada para el moldeo de piezas 2K y&#8230;<\/p>\n","protected":false},"author":1,"featured_media":0,"parent":0,"menu_order":0,"comment_status":"closed","ping_status":"closed","template":"","meta":{"footnotes":""},"class_list":["post-2332","page","type-page","status-publish","hentry"],"_links":{"self":[{"href":"https:\/\/unite.com.pt\/es\/wp-json\/wp\/v2\/pages\/2332","targetHints":{"allow":["GET"]}}],"collection":[{"href":"https:\/\/unite.com.pt\/es\/wp-json\/wp\/v2\/pages"}],"about":[{"href":"https:\/\/unite.com.pt\/es\/wp-json\/wp\/v2\/types\/page"}],"author":[{"embeddable":true,"href":"https:\/\/unite.com.pt\/es\/wp-json\/wp\/v2\/users\/1"}],"replies":[{"embeddable":true,"href":"https:\/\/unite.com.pt\/es\/wp-json\/wp\/v2\/comments?post=2332"}],"version-history":[{"count":8,"href":"https:\/\/unite.com.pt\/es\/wp-json\/wp\/v2\/pages\/2332\/revisions"}],"predecessor-version":[{"id":2606,"href":"https:\/\/unite.com.pt\/es\/wp-json\/wp\/v2\/pages\/2332\/revisions\/2606"}],"wp:attachment":[{"href":"https:\/\/unite.com.pt\/es\/wp-json\/wp\/v2\/media?parent=2332"}],"curies":[{"name":"wp","href":"https:\/\/api.w.org\/{rel}","templated":true}]}}