{"id":139,"date":"2015-10-01T07:15:56","date_gmt":"2015-10-01T07:15:56","guid":{"rendered":"http:\/\/fuse.europadns.net\/?page_id=139"},"modified":"2023-03-27T11:09:52","modified_gmt":"2023-03-27T11:09:52","slug":"services","status":"publish","type":"page","link":"https:\/\/unite.com.pt\/es\/services\/","title":{"rendered":"Servicios"},"content":{"rendered":"<p>[vc_row css=\u00bb.vc_custom_1552479826180{margin-top: -20px !important;margin-bottom: 0px !important;}\u00bb][vc_column]<div class='headline'><h2><\/h2><h5>\u2014 Servicios \u2014<\/h5><\/div>[\/vc_column][\/vc_row][vc_row][vc_column][vc_column_text]<\/p>\n<p>[\/vc_column_text][\/vc_column][\/vc_row][vc_row css=\u00bb.vc_custom_1472745928840{margin-top: 0px !important;margin-bottom: 20px !important;}\u00bb][vc_column width=\u00bb1\/3&#8243;][vc_single_image image=\u00bb2242&#8243; img_size=\u00bblarge\u00bb][vc_column_text css=\u00bb.vc_custom_1551278452303{margin-bottom: 10px !important;}\u00bb]<\/p>\n<h4>Dise\u00f1o de Producto<\/h4>\n<p>[\/vc_column_text][vc_column_text css=\u00bb.vc_custom_1557247388039{margin-top: 0px !important;margin-bottom: 40px !important;}\u00bb]<\/p>\n<p class=\"p1\">El apoyo de un equipo de profesionales con vasta experiencia es primordial en la definici\u00f3n del dise\u00f1o de producto y proceso de producci\u00f3n.<div class=\"show_more\"><p class=\"wpsm-show\" style=\"color: #ea8215; font-size: 100%; text-align: left;\"> Leer mas<\/p><div class=\"wpsm-content\">Nuestro equipo garante que son asegurados todos los requisitos del proyecto y necesidades de producci\u00f3n, mejorando la eficiencia de los moldes y reduciendo\u00a0 los costos de mantenimiento.<\/p>\n<p> <p class=\"wpsm-hide\" style=\"color: #ea8215; font-size: 100%; text-align: left;\"> Leer menos<\/p><\/div><\/div>[\/vc_column_text][\/vc_column][vc_column width=\u00bb1\/3&#8243;][vc_single_image image=\u00bb2243&#8243; img_size=\u00bblarge\u00bb][vc_column_text css=\u00bb.vc_custom_1551278649720{margin-bottom: 10px !important;}\u00bb]<\/p>\n<h4 class=\"p1\">Cotizaciones<\/h4>\n<p>[\/vc_column_text][vc_column_text css=\u00bb.vc_custom_1551278676952{margin-top: 0px !important;margin-bottom: 40px !important;}\u00bb]<\/p>\n<p class=\"p1\">Con el fichero CAD, imagen o modelo, es elaborada una cotizaci\u00f3n desglosada\u00a0 para cada\u00a0 molde con las caracter\u00edsticas mas relevantes,\u00a0 especificaciones, materiales, entre otras consideraciones.<div class=\"show_more\"><p class=\"wpsm-show\" style=\"color: #ea8215; font-size: 100%; text-align: left;\"> Leer mas<\/p><div class=\"wpsm-content\"><\/p>\n<p>Ficheros nativos de diferentes or\u00edgenes CAD pueden ser recibidos para Cotizaci\u00f3n.<\/p>\n<p>Para una r\u00e1pida respuesta a los pedidos de cotizaci\u00f3n, sugerimos\u00a0 la utilizaci\u00f3n de nuestro correo: <a class=\"no-jquery-address\" href=\"mailto:quotes@unite.com.pt\">quotes@unite.com.pt<\/a><\/p>\n<p> <p class=\"wpsm-hide\" style=\"color: #ea8215; font-size: 100%; text-align: left;\"> Leer menos<\/p><\/div><\/div>[\/vc_column_text][\/vc_column][vc_column width=\u00bb1\/3&#8243;][vc_single_image image=\u00bb2245&#8243; img_size=\u00bblarge\u00bb][vc_column_text css=\u00bb.vc_custom_1551278683038{margin-bottom: 10px !important;}\u00bb]<\/p>\n<h4 class=\"p1\">Ingenier\u00eda<\/h4>\n<p>[\/vc_column_text][vc_column_text css=\u00bb.vc_custom_1551278702151{margin-top: 0px !important;margin-bottom: 40px !important;}\u00bb]<\/p>\n<p class=\"p1\">Con el soporte y conocimiento de nuestro equipo, definimos el concepto del molde\u00a0 y presentamos en un curto espacio de tiempo la soluci\u00f3n de ingenier\u00eda para cada proyecto.<div class=\"show_more\"><p class=\"wpsm-show\" style=\"color: #ea8215; font-size: 100%; text-align: left;\"> Leer mas<\/p><div class=\"wpsm-content\">Independiente del numero de moldes, cada dise\u00f1o presenta las caracter\u00edsticas mas relevantes como ( inyecci\u00f3n, expulsi\u00f3n, movimientos, refrigeraci\u00f3n y insertos), para que su aprobaci\u00f3n posa ser realizada en detalle con nuestros clientes, minimizando tiempo y recursos en la etapa de fabricaci\u00f3n de los moldes.<\/p>\n<p> <p class=\"wpsm-hide\" style=\"color: #ea8215; font-size: 100%; text-align: left;\"> Leer menos<\/p><\/div><\/div>[\/vc_column_text][\/vc_column][\/vc_row][vc_row css=\u00bb.vc_custom_1472804026083{margin-bottom: 80px !important;}\u00bb][vc_column width=\u00bb1\/3&#8243;][vc_single_image image=\u00bb2247&#8243; img_size=\u00bblarge\u00bb][vc_column_text css=\u00bb.vc_custom_1551278709558{margin-bottom: 10px !important;}\u00bb]<\/p>\n<h4 class=\"p1\">Simulaci\u00f3n \/ Prototipaje<\/h4>\n<p>[\/vc_column_text][vc_column_text css=\u00bb.vc_custom_1551278746144{margin-top: 0px !important;margin-bottom: 40px !important;}\u00bb]<\/p>\n<p class=\"p1\">El acceso a la mas reciente tecnolog\u00eda y recursos para el desarrollo de estudios reol\u00f3gicos, nos permite suministrar siempre que necesario, y antes de la construcci\u00f3n del molde, la simulaci\u00f3n del proceso de llenado, permitiendo confirmar la localizaci\u00f3n de puntos de inyecci\u00f3n, lineas de uni\u00f3n, necesidades de escapes de gases y deformaci\u00f3n estimada en el producto.<div class=\"show_more\"><p class=\"wpsm-show\" style=\"color: #ea8215; font-size: 100%; text-align: left;\"> Leer mas<\/p><div class=\"wpsm-content\"><\/p>\n<p>Recorremos a la muestra prototipo para pruebas visuales y mec\u00e1nicas antes de la fase de la construcci\u00f3n de los moldes siempre que necesario.<\/p>\n<p>El uso de estas medidas de prevenci\u00f3n son una importante herramienta de definici\u00f3n de la construcci\u00f3n del molde reduciendo substancialmente el tiempo de afinaci\u00f3n despu\u00e9s del primero ensayo.<\/p>\n<p> <p class=\"wpsm-hide\" style=\"color: #ea8215; font-size: 100%; text-align: left;\"> Leer menos<\/p><\/div><\/div>[\/vc_column_text][\/vc_column][vc_column width=\u00bb1\/3&#8243;][vc_single_image image=\u00bb2248&#8243; img_size=\u00bblarge\u00bb][vc_column_text css=\u00bb.vc_custom_1551278752495{margin-bottom: 10px !important;}\u00bb]<\/p>\n<h4>Planning<\/h4>\n<p>[\/vc_column_text][vc_column_text css=\u00bb.vc_custom_1551278759471{margin-top: 0px !important;margin-bottom: 40px !important;}\u00bb]<\/p>\n<p class=\"p1\">Unite env\u00eda\u00a0 a sus clientes\u00a0 informes\u00a0 de las tareas mas relevantes de cada proyecto, permitiendo el acompa\u00f1amiento sistem\u00e1tico de su progreso.<\/p>\n<p>[\/vc_column_text][\/vc_column][vc_column width=\u00bb1\/3&#8243;][vc_single_image image=\u00bb2250&#8243; img_size=\u00bblarge\u00bb][vc_column_text css=\u00bb.vc_custom_1551278764806{margin-bottom: 10px !important;}\u00bb]<\/p>\n<h4 class=\"p1\">Producci\u00f3n<\/h4>\n<p>[\/vc_column_text][vc_column_text css=\u00bb.vc_custom_1551278781848{margin-top: 0px !important;margin-bottom: 40px !important;}\u00bb]Unite procura las mejores y mas adecuadas soluciones para construcci\u00f3n de cada molde dentro de su lista de proveedores cualificados.<\/p>\n<p>El conocimiento del\u00a0 mercado y proveedores permite al equipo de Unite garantir que los recursos necesarios est\u00e1n disponibles en la fase de fabricaci\u00f3n, garantiendo el cumplimiento de los requisitos del proyecto y plazos de ejecuci\u00f3n.[\/vc_column_text][\/vc_column][\/vc_row][vc_row css=\u00bb.vc_custom_1472804026083{margin-bottom: 80px !important;}\u00bb][vc_column width=\u00bb1\/3&#8243;][vc_single_image image=\u00bb5466&#8243; img_size=\u00bblarge\u00bb][vc_column_text css=\u00bb.vc_custom_1551278788120{margin-bottom: 10px !important;}\u00bb]<\/p>\n<h4 class=\"p1\">Pruebas<\/h4>\n<p>[\/vc_column_text][vc_column_text css=\u00bb.vc_custom_1557247410503{margin-top: 0px !important;margin-bottom: 40px !important;}\u00bb]<\/p>\n<p class=\"p1\">La realizaci\u00f3n de las pruebas es una tarea cr\u00edtica en la validaci\u00f3n mec\u00e1nica de los moldes.<div class=\"show_more\"><p class=\"wpsm-show\" style=\"color: #ea8215; font-size: 100%; text-align: left;\"> Leer mas<\/p><div class=\"wpsm-content\">Utilizando maquinas similares as las existentes en sus clientes Unite duplica de forma semejante el ambiente de producci\u00f3n, garantiendo que los par\u00e1metros de inyecci\u00f3n finales posan ser replicados durante la producci\u00f3n de los moldes, reduciendo el tiempo de instalaci\u00f3n y afinaci\u00f3n de los mismos.<\/p>\n<p> <p class=\"wpsm-hide\" style=\"color: #ea8215; font-size: 100%; text-align: left;\"> Leer menos<\/p><\/div><\/div>[\/vc_column_text][\/vc_column][vc_column width=\u00bb1\/3&#8243;][vc_single_image image=\u00bb2252&#8243; img_size=\u00bbfull\u00bb alignment=\u00bbcenter\u00bb][vc_column_text css=\u00bb.vc_custom_1551278813992{margin-bottom: 10px !important;}\u00bb]<\/p>\n<h4 class=\"p1\">Metrolog\u00eda \/ Validaci\u00f3n<\/h4>\n<p>[\/vc_column_text][vc_column_text css=\u00bb.vc_custom_1557247427822{margin-top: 0px !important;margin-bottom: 40px !important;}\u00bb]<\/p>\n<p class=\"p1\">Completando el ciclo de suministro de nuestros moldes Unite realiza la validaci\u00f3n dimensional de las muestras obtenidas utilizando equipo CMM y \u00d3ptico.<div class=\"show_more\"><p class=\"wpsm-show\" style=\"color: #ea8215; font-size: 100%; text-align: left;\"> Leer mas<\/p><div class=\"wpsm-content\">Las dimensiones cr\u00edticas son medidas y los resultados enviados a nuestros clientes\u00a0 a trav\u00e9s de un informe de medici\u00f3n.<\/p>\n<p> <p class=\"wpsm-hide\" style=\"color: #ea8215; font-size: 100%; text-align: left;\"> Leer menos<\/p><\/div><\/div>[\/vc_column_text][\/vc_column][vc_column width=\u00bb1\/3&#8243;][vc_single_image image=\u00bb2251&#8243; img_size=\u00bbfull\u00bb alignment=\u00bbcenter\u00bb][vc_column_text css=\u00bb.vc_custom_1551278833167{margin-bottom: 10px !important;}\u00bb]<\/p>\n<h4 class=\"p1\">Sistema de Garant\u00eda de la Calidad<\/h4>\n<p>[\/vc_column_text][vc_column_text css=\u00bb.vc_custom_1557237958584{margin-top: 0px !important;margin-bottom: 40px !important;}\u00bb]<\/p>\n<p class=\"p1\">Unite es certificada ISO 9001:2015<\/p>\n<p>[\/vc_column_text][\/vc_column][\/vc_row]<\/p>","protected":false},"excerpt":{"rendered":"<p>[vc_row css=\u00bb.vc_custom_1552479826180{margin-top: -20px !important;margin-bottom: 0px !important;}\u00bb][vc_column][\/vc_column][\/vc_row][vc_row][vc_column][vc_column_text] [\/vc_column_text][\/vc_column][\/vc_row][vc_row css=\u00bb.vc_custom_1472745928840{margin-top: 0px !important;margin-bottom: 20px !important;}\u00bb][vc_column width=\u00bb1\/3&#8243;][vc_single_image image=\u00bb2242&#8243; img_size=\u00bblarge\u00bb][vc_column_text css=\u00bb.vc_custom_1551278452303{margin-bottom: 10px !important;}\u00bb] Dise\u00f1o de Producto [\/vc_column_text][vc_column_text css=\u00bb.vc_custom_1557247388039{margin-top: 0px !important;margin-bottom: 40px !important;}\u00bb] El apoyo de un equipo de profesionales con vasta experiencia es primordial en la definici\u00f3n del dise\u00f1o de producto y proceso de producci\u00f3n.[\/vc_column_text][\/vc_column][vc_column width=\u00bb1\/3&#8243;][vc_single_image image=\u00bb2243&#8243; img_size=\u00bblarge\u00bb][vc_column_text css=\u00bb.vc_custom_1551278649720{margin-bottom: 10px&#8230;<\/p>\n","protected":false},"author":1,"featured_media":0,"parent":0,"menu_order":0,"comment_status":"closed","ping_status":"closed","template":"","meta":{"footnotes":""},"class_list":["post-139","page","type-page","status-publish","hentry"],"_links":{"self":[{"href":"https:\/\/unite.com.pt\/es\/wp-json\/wp\/v2\/pages\/139","targetHints":{"allow":["GET"]}}],"collection":[{"href":"https:\/\/unite.com.pt\/es\/wp-json\/wp\/v2\/pages"}],"about":[{"href":"https:\/\/unite.com.pt\/es\/wp-json\/wp\/v2\/types\/page"}],"author":[{"embeddable":true,"href":"https:\/\/unite.com.pt\/es\/wp-json\/wp\/v2\/users\/1"}],"replies":[{"embeddable":true,"href":"https:\/\/unite.com.pt\/es\/wp-json\/wp\/v2\/comments?post=139"}],"version-history":[{"count":76,"href":"https:\/\/unite.com.pt\/es\/wp-json\/wp\/v2\/pages\/139\/revisions"}],"predecessor-version":[{"id":5467,"href":"https:\/\/unite.com.pt\/es\/wp-json\/wp\/v2\/pages\/139\/revisions\/5467"}],"wp:attachment":[{"href":"https:\/\/unite.com.pt\/es\/wp-json\/wp\/v2\/media?parent=139"}],"curies":[{"name":"wp","href":"https:\/\/api.w.org\/{rel}","templated":true}]}}