{"id":102,"date":"2015-09-30T13:14:57","date_gmt":"2015-09-30T13:14:57","guid":{"rendered":"http:\/\/fuse.europadns.net\/?page_id=102"},"modified":"2023-03-03T16:41:49","modified_gmt":"2023-03-03T16:41:49","slug":"about","status":"publish","type":"page","link":"https:\/\/unite.com.pt\/es\/about\/","title":{"rendered":"Unite"},"content":{"rendered":"<p>[vc_row content_placement=\u00bbmiddle\u00bb css=\u00bb.vc_custom_1677861695829{margin-top: -30px !important;margin-bottom: 80px !important;}\u00bb][vc_column width=\u00bb1\/2&#8243;][vc_single_image image=\u00bb2222&#8243; img_size=\u00bbfull\u00bb alignment=\u00bbcenter\u00bb][\/vc_column][vc_column width=\u00bb1\/2&#8243;][vc_row_inner content_placement=\u00bbmiddle\u00bb][vc_column_inner][vc_column_text]<strong>Unite Global Tooling Solutions<\/strong>, desarrolla su actividad en la Gesti\u00f3n de Proyectos, Ingenier\u00eda y Fabricaci\u00f3n de Moldes para Materias Pl\u00e1sticas y Fundici\u00f3n Inyectada. Inserida en un grupo solido de empresas con Recursos Humanos y T\u00e9cnicos especializados, Unite Global Tooling Solutions exporta la generalidad de sus proyectos para mercados internacionales garantiendo la soluci\u00f3n m\u00e1s adecuada para las necesidades de sus clientes.<\/p>\n<p>Nuestro equipo es constituido por profesionales con larga experiencia en la gesti\u00f3n de proyectos y ingenier\u00eda de moldes, unida con el objetivo de garantir la satisfacci\u00f3n plena de nuestros clientes. Dinamismo, creatividad y flexibilidad de nuestros colaboradores permite ofrecer la respuesta mas adecuada as solicitaciones actuales de los mercados.[\/vc_column_text][\/vc_column_inner][\/vc_row_inner][\/vc_column][\/vc_row][vc_row][vc_column width=\u00bb1\/3&#8243; css=\u00bb.vc_custom_1472806744428{margin-bottom: 40px !important;}\u00bb][vc_column_text]<\/p>\n<h3 style=\"text-align: left;\"><span style=\"color: #ea8215;\">MISI\u00d3N<\/span><\/h3>\n<hr style=\"margin-top: 4px;\" \/>\n<p>Apoyamos y cooperamos con nuestros clientes y proveedores en la b\u00fasqueda de las mejores soluciones tecnol\u00f3gicas anticipando sus necesidades y respondiendo a los desaf\u00edos colocados por los mercados.<\/p>\n<p>La cooperaci\u00f3n de largo plazo con nuestros clientes y proveedores y su plena satisfacci\u00f3n motiva la Organizaci\u00f3n, Creatividad y Pasi\u00f3n de nuestro Equipo[\/vc_column_text][\/vc_column][vc_column width=\u00bb1\/3&#8243; css=\u00bb.vc_custom_1472806750117{margin-bottom: 40px !important;}\u00bb][vc_column_text]<\/p>\n<h3 style=\"text-align: left;\"><span style=\"color: #ea8215;\">VISI\u00d3N<\/span><\/h3>\n<hr style=\"margin-top: 4px;\" \/>\n<p>UNITE pretende ser reconocida como un socio de referencia en los mercados ondee opera, a\u00f1adiendo valor en cada proyecto, soportado por una cultura de calidad e innovaci\u00f3n basada en el conocimiento y experiencia. Nuestro suceso depende de nuestros colaboradores, por lo que garantizamos un ambiente de trabajo que desaf\u00ede y promueva su total potencial.<\/p>\n<p>Profesionalismo y Confianza son los pilares de la cultura de nuestra empresa.[\/vc_column_text][\/vc_column][vc_column width=\u00bb1\/3&#8243;][vc_column_text]<\/p>\n<h3 style=\"text-align: left;\"><span style=\"color: #ea8215;\">VALORES<\/span><\/h3>\n<hr style=\"margin-top: 4px;\" \/>\n<p style=\"text-align: left;\"><strong>ORIENTACI\u00d3N PARA EL CLIENTE<br \/>\n<\/strong>Sentido de compromiso y satisfacci\u00f3n;<br \/>\n<strong>CULTURA DE RIGOR<br \/>\n<\/strong>Hacer bien y mejorar siempre;<br \/>\n<strong>COOPERACI\u00d3N INTERNA Y EXTERNA<br \/>\n<\/strong>A trav\u00e9s del trabajo en equipo y colaboraci\u00f3n con Clientes y Proveedores;<br \/>\n<strong>CREACI\u00d3N DE VALOR<br \/>\n<\/strong>A trav\u00e9s de la orientaci\u00f3n para los resultados.<\/p>\n<p>[\/vc_column_text][\/vc_column][\/vc_row][vc_row css=\u00bb.vc_custom_1552480416338{margin-bottom: 80px !important;}\u00bb][vc_column][vc_column_text]<\/p>\n<h3 style=\"text-align: left;\"><span style=\"color: #ea8215;\">POLITICA DE LA CUALIDAD<\/span><\/h3>\n<hr \/>\n<p>La Pol\u00edtica de la Calidad de UNITE asienta en los siguientes principios:<br \/>\n&#8211; Atingir un elevado nivel de satisfacci\u00f3n de los clientes en el \u00e1mbito de Concepci\u00f3n, Desarrollo y Producci\u00f3n de Moldes para Pl\u00e1sticos y Fundici\u00f3n Inyectada.<br \/>\n&#8211; Desarrollar el capital humano;<br \/>\n&#8211; Implementar pr\u00e1cticas que promuevan una cultura de calidad e innovaci\u00f3n;<br \/>\n&#8211; Promover relaciones de confianza y alianza con los clientes, proveedores y otras entidades; (polos de desarrollo\u2026);<br \/>\n&#8211; Mantener una permanente actualizaci\u00f3n t\u00e9cnica y tecnol\u00f3gica de equipamientos, sistemas y operadores;<br \/>\n&#8211; Cumplir los requisitos legales y normativos de los clientes;<br \/>\n&#8211; Mejorar de forma continua la eficacia del desempe\u00f1o de los procesos, suministrando productos y servicios del m\u00e1s elevado padr\u00f3n tecnol\u00f3gico[\/vc_column_text][\/vc_column][\/vc_row]<\/p>","protected":false},"excerpt":{"rendered":"<p>[vc_row content_placement=\u00bbmiddle\u00bb css=\u00bb.vc_custom_1677861695829{margin-top: -30px !important;margin-bottom: 80px !important;}\u00bb][vc_column width=\u00bb1\/2&#8243;][vc_single_image image=\u00bb2222&#8243; img_size=\u00bbfull\u00bb alignment=\u00bbcenter\u00bb][\/vc_column][vc_column width=\u00bb1\/2&#8243;][vc_row_inner content_placement=\u00bbmiddle\u00bb][vc_column_inner][vc_column_text]Unite Global Tooling Solutions, desarrolla su actividad en la Gesti\u00f3n de Proyectos, Ingenier\u00eda y Fabricaci\u00f3n de Moldes para Materias Pl\u00e1sticas y Fundici\u00f3n Inyectada. Inserida en un grupo solido de empresas con Recursos Humanos y T\u00e9cnicos especializados, Unite Global Tooling Solutions exporta la generalidad&#8230;<\/p>\n","protected":false},"author":1,"featured_media":0,"parent":0,"menu_order":0,"comment_status":"closed","ping_status":"closed","template":"","meta":{"footnotes":""},"class_list":["post-102","page","type-page","status-publish","hentry"],"_links":{"self":[{"href":"https:\/\/unite.com.pt\/es\/wp-json\/wp\/v2\/pages\/102","targetHints":{"allow":["GET"]}}],"collection":[{"href":"https:\/\/unite.com.pt\/es\/wp-json\/wp\/v2\/pages"}],"about":[{"href":"https:\/\/unite.com.pt\/es\/wp-json\/wp\/v2\/types\/page"}],"author":[{"embeddable":true,"href":"https:\/\/unite.com.pt\/es\/wp-json\/wp\/v2\/users\/1"}],"replies":[{"embeddable":true,"href":"https:\/\/unite.com.pt\/es\/wp-json\/wp\/v2\/comments?post=102"}],"version-history":[{"count":97,"href":"https:\/\/unite.com.pt\/es\/wp-json\/wp\/v2\/pages\/102\/revisions"}],"predecessor-version":[{"id":5442,"href":"https:\/\/unite.com.pt\/es\/wp-json\/wp\/v2\/pages\/102\/revisions\/5442"}],"wp:attachment":[{"href":"https:\/\/unite.com.pt\/es\/wp-json\/wp\/v2\/media?parent=102"}],"curies":[{"name":"wp","href":"https:\/\/api.w.org\/{rel}","templated":true}]}}