{"id":2332,"date":"2019-03-13T12:28:15","date_gmt":"2019-03-13T12:28:15","guid":{"rendered":"http:\/\/dev.unite.com.pt\/?page_id=2332"},"modified":"2019-05-07T16:50:51","modified_gmt":"2019-05-07T16:50:51","slug":"technologies","status":"publish","type":"page","link":"https:\/\/unite.com.pt\/de\/technologies\/","title":{"rendered":"Technologien"},"content":{"rendered":"<p>[vc_row css=&#8220;.vc_custom_1472804016889{margin-top: -20px !important;margin-bottom: 0px !important;}&#8220;][vc_column]<div class='headline'><h2><\/h2><h5>\u2014 TECHNOLOGIEN \u2014<\/h5><\/div>[\/vc_column][\/vc_row][vc_row css=&#8220;.vc_custom_1472803931853{margin-top: 0px !important;}&#8220;][vc_column][vc_tta_tour style=&#8220;outline&#8220; shape=&#8220;square&#8220; spacing=&#8220;&#8220; active_section=&#8220;1&#8243; el_class=&#8220;fuse-v tabs-tecnologia&#8220;][vc_tta_section title=&#8220;Mehrkomponenten&#8220; tab_id=&#8220;1472801699865-55cb451c-fa70&#8243;][vc_single_image image=&#8220;2234&#8243; img_size=&#8220;full&#8220; alignment=&#8220;center&#8220;][vc_column_text css=&#8220;.vc_custom_1555419127792{padding-right: 40px !important;padding-bottom: 40px !important;padding-left: 40px !important;}&#8220;]<\/p>\n<hr \/>\n<p>UNITE liefert Formen f\u00fcr Mehrkomponententeile. Unser Engineering-Team bietet die am besten geeignete L\u00f6sung f\u00fcr 2K- und 3K Formen.[\/vc_column_text][\/vc_tta_section][vc_tta_section title=&#8220;Werkzeuge Mit Gasinnendruckverfahren&#8220; tab_id=&#8220;1472801699996-22e24074-16a8&#8243;][vc_single_image image=&#8220;2235&#8243; img_size=&#8220;full&#8220;][vc_column_text css=&#8220;.vc_custom_1555419166958{padding-right: 40px !important;padding-bottom: 40px !important;padding-left: 40px !important;}&#8220;]<\/p>\n<hr \/>\n<p>Das Spritzen von Teilen mit gasinnendruckverfahren wird in zahlreichen Produkten eingesetzt, von der Automobilindustrie bis zu Hausanwendungen.<\/p>\n<p>UNITE-Team bietet die am besten geeigneten Werkzeugl\u00f6sungen f\u00fcr die Verwendung dieser Technologie.[\/vc_column_text][\/vc_tta_section][vc_tta_section title=&#8220;Etagen- Und Tandemwerkzeuge&#8220; tab_id=&#8220;1472802228421-d113d6be-018d&#8220;][vc_single_image image=&#8220;2438&#8243; img_size=&#8220;full&#8220;][vc_column_text css=&#8220;.vc_custom_1555419449725{padding-right: 40px !important;padding-bottom: 40px !important;padding-left: 40px !important;}&#8220;]<\/p>\n<hr \/>\n<p>UNITE bietet seinen Kunden Etagen- und Tandemwerkzeuge gem\u00e4\u00df den angegebenen Spritzgie\u00dfmaschinen- und Produktanforderungen. \u00dcberpr\u00fcft dessen Funktion durch Duplizierung der Produktionsumgebung.[\/vc_column_text][\/vc_tta_section][vc_tta_section title=&#8220;IML&#8220; tab_id=&#8220;1472802245349-62f16f84-e6be&#8220;][vc_single_image image=&#8220;2236&#8243; img_size=&#8220;full&#8220;][vc_column_text css=&#8220;.vc_custom_1555419465099{padding-right: 40px !important;padding-bottom: 40px !important;padding-left: 40px !important;}&#8220;]<\/p>\n<hr \/>\n<p>UNITE Formen mit IML-Technologie garantieren unseren Kunden das am besten geeignete Konzept f\u00fcr den Einsatz dieser Technologie.[\/vc_column_text][\/vc_tta_section][vc_tta_section title=&#8220;Umspritzen und einlegewerkzeuge&#8220; tab_id=&#8220;1472802267986-721a34da-b6a7&#8243;][vc_single_image image=&#8220;2237&#8243; img_size=&#8220;full&#8220;][vc_column_text css=&#8220;.vc_custom_1555423607772{padding-right: 40px !important;padding-bottom: 40px !important;padding-left: 40px !important;}&#8220;]<\/p>\n<hr \/>\n<p>Bei Lieferung von Einlege- oder Umspritzwerkzeuge garantiert Unite die Einhaltung\u00a0des Produktionsprozesses und die Endqualit\u00e4t des Produkts.[\/vc_column_text][\/vc_tta_section][vc_tta_section title=&#8220;Druckguss&#8220; tab_id=&#8220;1472802336793-98612d52-34be&#8220;][vc_single_image image=&#8220;2238&#8243; img_size=&#8220;full&#8220;][vc_column_text css=&#8220;.vc_custom_1555419541667{padding-right: 40px !important;padding-bottom: 40px !important;padding-left: 40px !important;}&#8220;]<\/p>\n<hr \/>\n<p>UNITE bietet unter Verwendung der am besten geeigneten Stahlsorte und -konstruktion Spritzgussformen f\u00fcr l\u00e4ngere Lebensdauer und geringeren Wartungsaufwand.[\/vc_column_text][\/vc_tta_section][\/vc_tta_tour][\/vc_column][\/vc_row]<\/p>","protected":false},"excerpt":{"rendered":"<p>[vc_row css=&#8220;.vc_custom_1472804016889{margin-top: -20px !important;margin-bottom: 0px !important;}&#8220;][vc_column][\/vc_column][\/vc_row][vc_row css=&#8220;.vc_custom_1472803931853{margin-top: 0px !important;}&#8220;][vc_column][vc_tta_tour style=&#8220;outline&#8220; shape=&#8220;square&#8220; spacing=&#8220;&#8220; active_section=&#8220;1&#8243; el_class=&#8220;fuse-v tabs-tecnologia&#8220;][vc_tta_section title=&#8220;Mehrkomponenten&#8220; tab_id=&#8220;1472801699865-55cb451c-fa70&#8243;][vc_single_image image=&#8220;2234&#8243; img_size=&#8220;full&#8220; alignment=&#8220;center&#8220;][vc_column_text css=&#8220;.vc_custom_1555419127792{padding-right: 40px !important;padding-bottom: 40px !important;padding-left: 40px !important;}&#8220;] UNITE liefert Formen f\u00fcr Mehrkomponententeile. Unser Engineering-Team bietet die am besten geeignete L\u00f6sung f\u00fcr 2K- und 3K Formen.[\/vc_column_text][\/vc_tta_section][vc_tta_section title=&#8220;Werkzeuge Mit Gasinnendruckverfahren&#8220; tab_id=&#8220;1472801699996-22e24074-16a8&#8243;][vc_single_image image=&#8220;2235&#8243; img_size=&#8220;full&#8220;][vc_column_text css=&#8220;.vc_custom_1555419166958{padding-right: 40px !important;padding-bottom: 40px&#8230;<\/p>\n","protected":false},"author":1,"featured_media":0,"parent":0,"menu_order":0,"comment_status":"closed","ping_status":"closed","template":"","meta":{"footnotes":""},"class_list":["post-2332","page","type-page","status-publish","hentry"],"_links":{"self":[{"href":"https:\/\/unite.com.pt\/de\/wp-json\/wp\/v2\/pages\/2332","targetHints":{"allow":["GET"]}}],"collection":[{"href":"https:\/\/unite.com.pt\/de\/wp-json\/wp\/v2\/pages"}],"about":[{"href":"https:\/\/unite.com.pt\/de\/wp-json\/wp\/v2\/types\/page"}],"author":[{"embeddable":true,"href":"https:\/\/unite.com.pt\/de\/wp-json\/wp\/v2\/users\/1"}],"replies":[{"embeddable":true,"href":"https:\/\/unite.com.pt\/de\/wp-json\/wp\/v2\/comments?post=2332"}],"version-history":[{"count":8,"href":"https:\/\/unite.com.pt\/de\/wp-json\/wp\/v2\/pages\/2332\/revisions"}],"predecessor-version":[{"id":2606,"href":"https:\/\/unite.com.pt\/de\/wp-json\/wp\/v2\/pages\/2332\/revisions\/2606"}],"wp:attachment":[{"href":"https:\/\/unite.com.pt\/de\/wp-json\/wp\/v2\/media?parent=2332"}],"curies":[{"name":"wp","href":"https:\/\/api.w.org\/{rel}","templated":true}]}}