{"id":139,"date":"2015-10-01T07:15:56","date_gmt":"2015-10-01T07:15:56","guid":{"rendered":"http:\/\/fuse.europadns.net\/?page_id=139"},"modified":"2023-03-27T11:09:52","modified_gmt":"2023-03-27T11:09:52","slug":"services","status":"publish","type":"page","link":"https:\/\/unite.com.pt\/de\/services\/","title":{"rendered":"LEISTUNGEN"},"content":{"rendered":"<p>[vc_row css=&#8220;.vc_custom_1552479714417{margin-top: -20px !important;margin-bottom: 0px !important;}&#8220;][vc_column]<div class='headline'><h2><\/h2><h5>\u2014 LEISTUNGEN \u2014<\/h5><\/div>[\/vc_column][\/vc_row][vc_row][vc_column][vc_column_text]<\/p>\n<p>[\/vc_column_text][\/vc_column][\/vc_row][vc_row css=&#8220;.vc_custom_1472745928840{margin-top: 0px !important;margin-bottom: 20px !important;}&#8220;][vc_column width=&#8220;1\/3&#8243;][vc_single_image image=&#8220;2242&#8243; img_size=&#8220;large&#8220;][vc_column_text css=&#8220;.vc_custom_1555414856211{margin-bottom: 10px !important;}&#8220;]<\/p>\n<h4>PRODUKTDESIGN<\/h4>\n<p>[\/vc_column_text][vc_column_text css=&#8220;.vc_custom_1555415042547{margin-top: 0px !important;margin-bottom: 40px !important;}&#8220;]<\/p>\n<p class=\"p1\">Die Unterst\u00fctzung durch ein Team von Fachleuten mit langj\u00e4hriger Erfahrung ist von grundlegender Bedeutung f\u00fcr die Definition des Produktdesigns und des Produktionsprozesses. <div class=\"show_more\"><p class=\"wpsm-show\" style=\"color: #ea8215; font-size: 100%; text-align: left;\"> Mehr anzeigen<\/p><div class=\"wpsm-content\">Unser Team stellt sicher, dass alle Projektanforderungen und Produktionsanforderungen erf\u00fcllt werden, verbessert die Werkzeugeffizienz und reduziert die Wartungskosten.<\/p>\n<p> <p class=\"wpsm-hide\" style=\"color: #ea8215; font-size: 100%; text-align: left;\"> Weniger anzeigen<\/p><\/div><\/div>[\/vc_column_text][\/vc_column][vc_column width=&#8220;1\/3&#8243;][vc_single_image image=&#8220;2243&#8243; img_size=&#8220;large&#8220;][vc_column_text css=&#8220;.vc_custom_1555418835244{margin-bottom: 10px !important;}&#8220;]<\/p>\n<h4 class=\"p1\">Angebote<\/h4>\n<p>[\/vc_column_text][vc_column_text css=&#8220;.vc_custom_1555415104451{margin-top: 0px !important;margin-bottom: 40px !important;}&#8220;]<\/p>\n<p class=\"p1\">Aus der CAD-Datei, Bild oder Modell wird f\u00fcr jede Form ein detailliertes Angebot mit den wichtigsten Merkmalen, Spezifikationen, Materialien und anderen Aspekten erstellt.<div class=\"show_more\"><p class=\"wpsm-show\" style=\"color: #ea8215; font-size: 100%; text-align: left;\"> Mehr anzeigen<\/p><div class=\"wpsm-content\">Native Dateien aus verschiedenen CAD-Quellen k\u00f6nnen zur Angebotserstellung empfangen werden.<\/p>\n<p>F\u00fcr eine schnelle Beantwortung Ihrer Angebotsanfragen empfehlen wir Ihnen unsere Adresse: <a href=\"mailto:quotes@unite.com.pt\">quotes@unite.com.pt<\/a><\/p>\n<p> <p class=\"wpsm-hide\" style=\"color: #ea8215; font-size: 100%; text-align: left;\"> Weniger anzeigen<\/p><\/div><\/div>[\/vc_column_text][\/vc_column][vc_column width=&#8220;1\/3&#8243;][vc_single_image image=&#8220;2245&#8243; img_size=&#8220;large&#8220;][vc_column_text css=&#8220;.vc_custom_1555418840084{margin-bottom: 10px !important;}&#8220;]<\/p>\n<h4 class=\"p1\">Engineering<\/h4>\n<p>[\/vc_column_text][vc_column_text css=&#8220;.vc_custom_1555415140412{margin-top: 0px !important;margin-bottom: 40px !important;}&#8220;]<\/p>\n<p class=\"p1\">Mit der Unterst\u00fctzung und dem Wissen unseres Teams definieren wir das Konzept der Form und pr\u00e4sentieren in kurzer Zeit die technische L\u00f6sung f\u00fcr jedes Projekt.<div class=\"show_more\"><p class=\"wpsm-show\" style=\"color: #ea8215; font-size: 100%; text-align: left;\"> Mehr anzeigen<\/p><div class=\"wpsm-content\"><\/p>\n<p>Unabh\u00e4ngig von der Anzahl der Formen weist jedes Projekt die wichtigsten Merkmale wie Einspritzung, Auswerfer, Schieber, K\u00fchlung und Eins\u00e4tze auf, so dass die Freigabe im Detail mit unseren Kunden erfolgen kann, wodurch Zeit und Ressourcen in der Produktionsphase der Formen minimiert werden.<\/p>\n<p> <p class=\"wpsm-hide\" style=\"color: #ea8215; font-size: 100%; text-align: left;\"> Weniger anzeigen<\/p><\/div><\/div>[\/vc_column_text][\/vc_column][\/vc_row][vc_row css=&#8220;.vc_custom_1555418815577{margin-bottom: 20px !important;}&#8220;][vc_column width=&#8220;1\/3&#8243;][vc_single_image image=&#8220;2247&#8243; img_size=&#8220;large&#8220;][vc_column_text css=&#8220;.vc_custom_1555418844851{margin-bottom: 10px !important;}&#8220;]<\/p>\n<h4 class=\"p1\">Simulation\/ Prototypen<\/h4>\n<p>[\/vc_column_text][vc_column_text css=&#8220;.vc_custom_1555415187570{margin-top: 0px !important;margin-bottom: 40px !important;}&#8220;]<\/p>\n<p class=\"p1\">Der Zugang zu den neuesten Technologien und Ressourcen f\u00fcr die Entwicklung rheologischer Studien erm\u00f6glicht es uns, bei Bedarf und vor dem Formenbau die Simulation des F\u00fcllprozesses durchzuf\u00fchren, so dass wir die Lage von Einspritzpunkten, Trennlinien, den Bedarf an Entl\u00fcftungen und die gesch\u00e4tzte Verformung von Produkten definieren und best\u00e4tigen k\u00f6nnen.<div class=\"show_more\"><p class=\"wpsm-show\" style=\"color: #ea8215; font-size: 100%; text-align: left;\"> Mehr anzeigen<\/p><div class=\"wpsm-content\"><\/p>\n<p>Wir k\u00f6nnen Prototypenmuster f\u00fcr Optische und mechanische Pr\u00fcfungen vor der Formenbauphase verwenden, wann immer dies erforderlich ist.<\/p>\n<p>Der Einsatz dieser vorbeugenden Ma\u00dfnahmen ist ein wichtiges Instrument bei der Definition des Formenbaus, das den Zeit- und Kostenaufwand f\u00fcr die Abstimmung nach der ersten Bemusterung erheblich reduziert.<\/p>\n<p> <p class=\"wpsm-hide\" style=\"color: #ea8215; font-size: 100%; text-align: left;\"> Weniger anzeigen<\/p><\/div><\/div>[\/vc_column_text][\/vc_column][vc_column width=&#8220;1\/3&#8243;][vc_single_image image=&#8220;2248&#8243; img_size=&#8220;large&#8220;][vc_column_text css=&#8220;.vc_custom_1555418850076{margin-bottom: 10px !important;}&#8220;]<\/p>\n<h4>Planung<\/h4>\n<p>[\/vc_column_text][vc_column_text css=&#8220;.vc_custom_1555415202826{margin-top: 0px !important;margin-bottom: 40px !important;}&#8220;]<\/p>\n<p class=\"p1\">UNITE bietet seinen Kunden eine Planung der wichtigsten Aufgaben jedes Projekts und erm\u00f6glicht eine systematische Fortschritts\u00fcberwachung.<\/p>\n<p>[\/vc_column_text][\/vc_column][vc_column width=&#8220;1\/3&#8243;][vc_single_image image=&#8220;2250&#8243; img_size=&#8220;large&#8220;][vc_column_text css=&#8220;.vc_custom_1555418856011{margin-bottom: 10px !important;}&#8220;]<\/p>\n<h4 class=\"p1\">Produktion<\/h4>\n<p>[\/vc_column_text][vc_column_text css=&#8220;.vc_custom_1555415242193{margin-top: 0px !important;margin-bottom: 40px !important;}&#8220;]<\/p>\n<p class=\"p1\">UNITE Sucht nach den besten und geeignetsten L\u00f6sungen f\u00fcr den Bau jeder Form in seiner Liste der qualifizierten Lieferanten.<div class=\"show_more\"><p class=\"wpsm-show\" style=\"color: #ea8215; font-size: 100%; text-align: left;\"> Mehr anzeigen<\/p><div class=\"wpsm-content\"><\/p>\n<p class=\"p1\">Die Kenntnis des Marktes und der Lieferanten erm\u00f6glicht es UNITE-Team, sicherzustellen, dass die erforderlichen Ressourcen bereits in der Herstellungsphase zur Verf\u00fcgung stehen, um die Einhaltung der Projektanforderungen und Ausf\u00fchrungsfristen zu gew\u00e4hrleisten.<\/p>\n<p> <p class=\"wpsm-hide\" style=\"color: #ea8215; font-size: 100%; text-align: left;\"> Weniger anzeigen<\/p><\/div><\/div>[\/vc_column_text][\/vc_column][\/vc_row][vc_row css=&#8220;.vc_custom_1472804026083{margin-bottom: 80px !important;}&#8220;][vc_column width=&#8220;1\/3&#8243;][vc_single_image image=&#8220;5466&#8243; img_size=&#8220;large&#8220;][vc_column_text css=&#8220;.vc_custom_1555418860763{margin-bottom: 10px !important;}&#8220;]<\/p>\n<h4 class=\"p1\">Bemusterungen<\/h4>\n<p>[\/vc_column_text][vc_column_text css=&#8220;.vc_custom_1555415277409{margin-top: 0px !important;margin-bottom: 40px !important;}&#8220;]<\/p>\n<p class=\"p1\">Die Durchf\u00fchrung von Bemusterungen ist eine entscheidende Aufgabe bei der mechanischen Validierung der Formen.<div class=\"show_more\"><p class=\"wpsm-show\" style=\"color: #ea8215; font-size: 100%; text-align: left;\"> Mehr anzeigen<\/p><div class=\"wpsm-content\"><\/p>\n<p>Bei Verwendung von Maschinen, die den bestehenden Maschinen bei seinen Kunden \u00e4hneln, dupliziert UNITE die Produktionsumgebung auf \u00e4hnliche Weise. Dadurch wird sichergestellt, dass die endg\u00fcltigen Formparameter w\u00e4hrend der Formherstellung repliziert werden k\u00f6nnen, was die Installationszeit und das Abstimmen reduziert.<\/p>\n<p> <p class=\"wpsm-hide\" style=\"color: #ea8215; font-size: 100%; text-align: left;\"> Weniger anzeigen<\/p><\/div><\/div>[\/vc_column_text][\/vc_column][vc_column width=&#8220;1\/3&#8243;][vc_single_image image=&#8220;2252&#8243; img_size=&#8220;full&#8220; alignment=&#8220;center&#8220;][vc_column_text css=&#8220;.vc_custom_1555418864723{margin-bottom: 10px !important;}&#8220;]<\/p>\n<h4 class=\"p1\">Messtechnik\/Validierung<\/h4>\n<p>[\/vc_column_text][vc_column_text css=&#8220;.vc_custom_1555415307905{margin-top: 0px !important;margin-bottom: 40px !important;}&#8220;]<\/p>\n<p class=\"p1\">Um die Lieferung unserer Formen abzuschlie\u00dfen, kann UNITE die Dimensionspr\u00fcfung der Teile mit Hilfe von CMM oder optischen Ger\u00e4ten durchf\u00fchren. <div class=\"show_more\"><p class=\"wpsm-show\" style=\"color: #ea8215; font-size: 100%; text-align: left;\"> Mehr anzeigen<\/p><div class=\"wpsm-content\"><\/p>\n<p>Auf Wunsch werden die kritischen Dimensionen gemessen und die Ergebnisse unseren Kunden durch einen Messbericht zur Verf\u00fcgung gestellt.<\/p>\n<p> <p class=\"wpsm-hide\" style=\"color: #ea8215; font-size: 100%; text-align: left;\"> Weniger anzeigen<\/p><\/div><\/div>[\/vc_column_text][\/vc_column][vc_column width=&#8220;1\/3&#8243;][vc_single_image image=&#8220;2251&#8243; img_size=&#8220;full&#8220; alignment=&#8220;center&#8220;][vc_column_text css=&#8220;.vc_custom_1555418868827{margin-bottom: 10px !important;}&#8220;]<\/p>\n<h4 class=\"p1\">Qualit\u00e4tsmanagementsystem<\/h4>\n<p>[\/vc_column_text][vc_column_text css=&#8220;.vc_custom_1555418667940{margin-top: 0px !important;margin-bottom: 40px !important;}&#8220;]<\/p>\n<p class=\"p1\">UNITE ist nach ISO 9001-2015 zertifiziert.<\/p>\n<p>[\/vc_column_text][\/vc_column][\/vc_row]<\/p>","protected":false},"excerpt":{"rendered":"<p>[vc_row css=&#8220;.vc_custom_1552479714417{margin-top: -20px !important;margin-bottom: 0px !important;}&#8220;][vc_column][\/vc_column][\/vc_row][vc_row][vc_column][vc_column_text] [\/vc_column_text][\/vc_column][\/vc_row][vc_row css=&#8220;.vc_custom_1472745928840{margin-top: 0px !important;margin-bottom: 20px !important;}&#8220;][vc_column width=&#8220;1\/3&#8243;][vc_single_image image=&#8220;2242&#8243; img_size=&#8220;large&#8220;][vc_column_text css=&#8220;.vc_custom_1555414856211{margin-bottom: 10px !important;}&#8220;] PRODUKTDESIGN [\/vc_column_text][vc_column_text css=&#8220;.vc_custom_1555415042547{margin-top: 0px !important;margin-bottom: 40px !important;}&#8220;] Die Unterst\u00fctzung durch ein Team von Fachleuten mit langj\u00e4hriger Erfahrung ist von grundlegender Bedeutung f\u00fcr die Definition des Produktdesigns und des Produktionsprozesses. [\/vc_column_text][\/vc_column][vc_column width=&#8220;1\/3&#8243;][vc_single_image image=&#8220;2243&#8243; img_size=&#8220;large&#8220;][vc_column_text css=&#8220;.vc_custom_1555418835244{margin-bottom: 10px !important;}&#8220;] Angebote&#8230;<\/p>\n","protected":false},"author":1,"featured_media":0,"parent":0,"menu_order":0,"comment_status":"closed","ping_status":"closed","template":"","meta":{"footnotes":""},"class_list":["post-139","page","type-page","status-publish","hentry"],"_links":{"self":[{"href":"https:\/\/unite.com.pt\/de\/wp-json\/wp\/v2\/pages\/139","targetHints":{"allow":["GET"]}}],"collection":[{"href":"https:\/\/unite.com.pt\/de\/wp-json\/wp\/v2\/pages"}],"about":[{"href":"https:\/\/unite.com.pt\/de\/wp-json\/wp\/v2\/types\/page"}],"author":[{"embeddable":true,"href":"https:\/\/unite.com.pt\/de\/wp-json\/wp\/v2\/users\/1"}],"replies":[{"embeddable":true,"href":"https:\/\/unite.com.pt\/de\/wp-json\/wp\/v2\/comments?post=139"}],"version-history":[{"count":76,"href":"https:\/\/unite.com.pt\/de\/wp-json\/wp\/v2\/pages\/139\/revisions"}],"predecessor-version":[{"id":5467,"href":"https:\/\/unite.com.pt\/de\/wp-json\/wp\/v2\/pages\/139\/revisions\/5467"}],"wp:attachment":[{"href":"https:\/\/unite.com.pt\/de\/wp-json\/wp\/v2\/media?parent=139"}],"curies":[{"name":"wp","href":"https:\/\/api.w.org\/{rel}","templated":true}]}}