{"id":115,"date":"2015-09-30T13:53:42","date_gmt":"2015-09-30T13:53:42","guid":{"rendered":"http:\/\/fuse.europadns.net\/?page_id=115"},"modified":"2023-04-04T13:28:59","modified_gmt":"2023-04-04T13:28:59","slug":"contatos","status":"publish","type":"page","link":"https:\/\/unite.com.pt\/de\/contatos\/","title":{"rendered":"Kontakte"},"content":{"rendered":"<p>[vc_row][vc_column][vc_empty_space height=&#8220;120px&#8220;]<div class='headline'><h2>Kontaktieren Sie uns<\/h2><h5>Eine Nachricht senden<\/h5><\/div>[\/vc_column][\/vc_row][vc_row css=&#8220;.vc_custom_1443621235596{margin-bottom: 80px !important;}&#8220;][vc_column width=&#8220;1\/3&#8243;][vc_column_text]<\/p>\n<p class=\"text-center\" style=\"text-align: left;\">Rua dos Marinheiros,<br \/>\nZICOFA Lote 37, Frac\u00e7\u00e3o F<br \/>\n2415-314 Leiria<br \/>\nPORTUGAL<\/p>\n<p>[\/vc_column_text][vc_column_text]<\/p>\n<p style=\"text-align: left;\"><strong>t.<\/strong> +351 244 004 000<br \/>\n<span style=\"font-size: 12px;\">(Anruf ins portugiesische Festnetz)<\/span><br \/>\n<strong>f.<\/strong> +351 244 004 001<br \/>\n<strong>e.<\/strong> <a href=\"info@unite.com.pt\" target=\"_blank\" rel=\"noopener noreferrer\">info@unite.com.pt<\/a><\/p>\n<p>[\/vc_column_text][\/vc_column][vc_column width=&#8220;2\/3&#8243;]\n<div class=\"wpcf7 no-js\" id=\"wpcf7-f468-o7\" lang=\"en-US\" dir=\"ltr\">\n<div class=\"screen-reader-response\"><p role=\"status\" aria-live=\"polite\" aria-atomic=\"true\"><\/p> <ul><\/ul><\/div>\n<form action=\"\/de\/wp-json\/wp\/v2\/pages\/115#wpcf7-f468-o7\" method=\"post\" class=\"wpcf7-form init\" aria-label=\"Contact form\" novalidate=\"novalidate\" data-status=\"init\">\n<div style=\"display: none;\">\n<input type=\"hidden\" name=\"_wpcf7\" value=\"468\" \/>\n<input type=\"hidden\" name=\"_wpcf7_version\" value=\"5.7.7\" \/>\n<input type=\"hidden\" name=\"_wpcf7_locale\" value=\"en_US\" \/>\n<input type=\"hidden\" name=\"_wpcf7_unit_tag\" value=\"wpcf7-f468-o7\" \/>\n<input type=\"hidden\" name=\"_wpcf7_container_post\" value=\"0\" \/>\n<input type=\"hidden\" name=\"_wpcf7_posted_data_hash\" value=\"\" \/>\n<input type=\"hidden\" name=\"_wpcf7_recaptcha_response\" value=\"\" \/>\n<\/div>\n<fieldset>\n\t<p><span class=\"wpcf7-form-control-wrap\" data-name=\"your-name\"><input size=\"40\" class=\"wpcf7-form-control wpcf7-text wpcf7-validates-as-required span12\" aria-required=\"true\" aria-invalid=\"false\" placeholder=\"Name*\" value=\"\" type=\"text\" name=\"your-name\" \/><\/span>\n\t<\/p>\n\t<p><span class=\"wpcf7-form-control-wrap\" data-name=\"your-email\"><input size=\"40\" class=\"wpcf7-form-control wpcf7-text wpcf7-validates-as-required span12\" aria-required=\"true\" aria-invalid=\"false\" placeholder=\"E-Mail*\" value=\"\" type=\"text\" name=\"your-email\" \/><\/span>\n\t<\/p>\n\t<p><span class=\"wpcf7-form-control-wrap\" data-name=\"your-subject\"><input size=\"40\" class=\"wpcf7-form-control wpcf7-text wpcf7-validates-as-required span12\" aria-required=\"true\" aria-invalid=\"false\" placeholder=\"Betreff*\" value=\"\" type=\"text\" name=\"your-subject\" \/><\/span>\n\t<\/p>\n\t<p><span class=\"wpcf7-form-control-wrap\" data-name=\"your-message\"><textarea cols=\"25\" rows=\"7\" class=\"wpcf7-form-control wpcf7-textarea wpcf7-validates-as-required span12\" aria-required=\"true\" aria-invalid=\"false\" placeholder=\"nachricht*\" name=\"your-message\"><\/textarea><\/span>\n\t<\/p>\n\t<p><span class=\"wpcf7-form-control-wrap\" data-name=\"opt-newsletter-in\"><span class=\"wpcf7-form-control wpcf7-checkbox\"><span class=\"wpcf7-list-item first last\"><input type=\"checkbox\" name=\"opt-newsletter-in[]\" value=\"Ich erlaube Unite die Nutzung meiner Daten f\u00fcr Marketing-Kommunikation;\" \/><span class=\"wpcf7-list-item-label\">Ich erlaube Unite die Nutzung meiner Daten f\u00fcr Marketing-Kommunikation;<\/span><\/span><\/span><\/span>\n\t<\/p>\n\t<p><span class=\"wpcf7-form-control-wrap\" data-name=\"gdpr-acceptance\"><span class=\"wpcf7-form-control wpcf7-acceptance\"><span class=\"wpcf7-list-item\"><label><input type=\"checkbox\" name=\"gdpr-acceptance\" value=\"1\" aria-invalid=\"false\" \/><span class=\"wpcf7-list-item-label\"><a href=\"\/politica-privacidade\" target=\"_blank\">Ich habe die Datenschutzerkl\u00e4rung und die Nutzungsbedingungen gelesen und akzeptiere sie<\/a>*;<\/span><\/label><\/span><\/span><\/span>\n\t<\/p>\n\n\t<p class=\"last text-center\"><br \/>\n<input class=\"wpcf7-form-control has-spinner wpcf7-submit btn\" type=\"submit\" value=\"Senden\" \/>\n\t<\/p>\n<\/fieldset><div class=\"wpcf7-response-output\" aria-hidden=\"true\"><\/div>\n<\/form>\n<\/div>\n[\/vc_column][\/vc_row][vc_row full_width=&#8220;stretch_row&#8220; css=&#8220;.vc_custom_1680596703746{margin-bottom: 0px !important;padding-top: 80px !important;padding-bottom: 80px !important;background-color: #ff8300 !important;}&#8220; nfw_row_font_color=&#8220;#ffffff&#8220; el_id=&#8220;candidatura-espontanea&#8220;][vc_column]<div class='headline'><h2>Werde Teil unseres Teams<\/h2><\/div>[\/vc_column][vc_column][vc_row_inner][vc_column_inner width=&#8220;1\/3&#8243;][vc_column_text]<strong>Unser Erfolg h\u00e4ngt von unseren Mitarbeitern ab, deshalb garantieren wir ein Arbeitsumfeld, das dein volles Potenzial herausfordert und f\u00f6rdert.<\/strong><\/p>\n<p><strong>Unabh\u00e4ngig davon, ob du eine erfahrene Fachkraft bist oder gerade erst anf\u00e4ngst, k\u00f6nnte dies die Gelegenheit sein, deine Karriere zu verbessern.<\/strong>[\/vc_column_text][\/vc_column_inner][vc_column_inner width=&#8220;2\/3&#8243;]\n<div class=\"wpcf7 no-js\" id=\"wpcf7-f5484-o8\" lang=\"en-US\" dir=\"ltr\">\n<div class=\"screen-reader-response\"><p role=\"status\" aria-live=\"polite\" aria-atomic=\"true\"><\/p> <ul><\/ul><\/div>\n<form action=\"\/de\/wp-json\/wp\/v2\/pages\/115#wpcf7-f5484-o8\" method=\"post\" class=\"wpcf7-form init\" aria-label=\"Contact form\" enctype=\"multipart\/form-data\" novalidate=\"novalidate\" data-status=\"init\">\n<div style=\"display: none;\">\n<input type=\"hidden\" name=\"_wpcf7\" value=\"5484\" \/>\n<input type=\"hidden\" name=\"_wpcf7_version\" value=\"5.7.7\" \/>\n<input type=\"hidden\" name=\"_wpcf7_locale\" value=\"en_US\" \/>\n<input type=\"hidden\" name=\"_wpcf7_unit_tag\" value=\"wpcf7-f5484-o8\" \/>\n<input type=\"hidden\" name=\"_wpcf7_container_post\" value=\"0\" \/>\n<input type=\"hidden\" name=\"_wpcf7_posted_data_hash\" value=\"\" \/>\n<input type=\"hidden\" name=\"_wpcf7_recaptcha_response\" value=\"\" \/>\n<\/div>\n<fieldset>\n\t<p><span class=\"wpcf7-form-control-wrap\" data-name=\"your-name\"><input size=\"40\" class=\"wpcf7-form-control wpcf7-text wpcf7-validates-as-required span12\" aria-required=\"true\" aria-invalid=\"false\" placeholder=\"Name*\" value=\"\" type=\"text\" name=\"your-name\" \/><\/span>\n\t<\/p>\n\t<p><span class=\"wpcf7-form-control-wrap\" data-name=\"your-email\"><input size=\"40\" class=\"wpcf7-form-control wpcf7-text wpcf7-validates-as-required span12\" aria-required=\"true\" aria-invalid=\"false\" placeholder=\"E-Mail*\" value=\"\" type=\"text\" name=\"your-email\" \/><\/span>\n\t<\/p>\n\t<p><span class=\"wpcf7-form-control-wrap\" data-name=\"telefone\"><input size=\"40\" class=\"wpcf7-form-control wpcf7-text wpcf7-tel wpcf7-validates-as-required wpcf7-validates-as-tel\" aria-required=\"true\" aria-invalid=\"false\" placeholder=\"Contacto telef\u00f3nico*\" value=\"\" type=\"tel\" name=\"telefone\" \/><\/span>\n\t<\/p>\n\t<p><span class=\"wpcf7-form-control-wrap\" data-name=\"curriculo\"><input size=\"40\" class=\"wpcf7-form-control wpcf7-file wpcf7-validates-as-required\" accept=\".pdf\" aria-required=\"true\" aria-invalid=\"false\" type=\"file\" name=\"curriculo\" \/><\/span>\n\t<\/p>\n\t<p><span class=\"wpcf7-form-control-wrap\" data-name=\"gdpr-acceptance\"><span class=\"wpcf7-form-control wpcf7-acceptance\"><span class=\"wpcf7-list-item\"><label><input type=\"checkbox\" name=\"gdpr-acceptance\" value=\"1\" aria-invalid=\"false\" \/><span class=\"wpcf7-list-item-label\"><a href=\"\/politica-privacidade\" target=\"_blank\">Ich habe die Datenschutzerkl\u00e4rung und die Nutzungsbedingungen gelesen und akzeptiere sie<\/a>*;<\/span><\/label><\/span><\/span><\/span>\n\t<\/p>\n\n\t<p class=\"last text-center\"><br \/>\n<input class=\"wpcf7-form-control has-spinner wpcf7-submit btn\" type=\"submit\" value=\"Senden\" \/>\n\t<\/p>\n<\/fieldset><div class=\"wpcf7-response-output\" aria-hidden=\"true\"><\/div>\n<\/form>\n<\/div>\n[\/vc_column_inner][\/vc_row_inner][\/vc_column][\/vc_row][vc_row full_width=&#8220;stretch_row_content_no_spaces&#8220; css=&#8220;.vc_custom_1443621581821{margin-bottom: 0px !important;}&#8220;][vc_column][vc_raw_html]JTNDaWZyYW1lJTIwc3JjJTNEJTIyaHR0cHMlM0ElMkYlMkZ3d3cuZ29vZ2xlLmNvbSUyRm1hcHMlMkZlbWJlZCUzRnBiJTNEJTIxMW0xNCUyMTFtOCUyMTFtMyUyMTFkMTIyNzAuNzQ1MDA4ODExOSUyMTJkLTguODk4MTU4JTIxM2QzOS43NDY2OTglMjEzbTIlMjExaTEwMjQlMjEyaTc2OCUyMTRmMTMuMSUyMTNtMyUyMTFtMiUyMTFzMHgwJTI1M0EweGU0YjA4YzdiNzFmNDM1MWQlMjEyc1VOSVRFJTI1MjBHbG9iYWwlMjUyMFRvb2xpbmclMjUyMFNvbHV0aW9ucyUyNTJDJTI1MjBTQSUyMTVlMCUyMTNtMiUyMTFzcHQtUFQlMjEyc3B0JTIxNHYxNjQ2MzAyMzI5NzE2JTIxNW0yJTIxMXNwdC1QVCUyMTJzcHQlMjIlMjB3aWR0aCUzRCUyMjEwMCUyNSUyMiUyMGhlaWdodCUzRCUyMjQ1MCUyMiUyMHN0eWxlJTNEJTIyYm9yZGVyJTNBMCUzQiUyMiUyMGFsbG93ZnVsbHNjcmVlbiUzRCUyMiUyMiUyMGxvYWRpbmclM0QlMjJsYXp5JTIyJTNFJTNDJTJGaWZyYW1lJTNF[\/vc_raw_html][\/vc_column][\/vc_row]<\/p>","protected":false},"excerpt":{"rendered":"<p>[vc_row][vc_column][vc_empty_space height=&#8220;120px&#8220;][\/vc_column][\/vc_row][vc_row css=&#8220;.vc_custom_1443621235596{margin-bottom: 80px !important;}&#8220;][vc_column width=&#8220;1\/3&#8243;][vc_column_text] Rua dos Marinheiros, ZICOFA Lote 37, Frac\u00e7\u00e3o F 2415-314 Leiria PORTUGAL [\/vc_column_text][vc_column_text] t. +351 244 004 000 (Anruf ins portugiesische Festnetz) f. +351 244 004 001 e. info@unite.com.pt [\/vc_column_text][\/vc_column][vc_column width=&#8220;2\/3&#8243;][\/vc_column][\/vc_row][vc_row full_width=&#8220;stretch_row&#8220; css=&#8220;.vc_custom_1680596703746{margin-bottom: 0px !important;padding-top: 80px !important;padding-bottom: 80px !important;background-color: #ff8300 !important;}&#8220; nfw_row_font_color=&#8220;#ffffff&#8220; el_id=&#8220;candidatura-espontanea&#8220;][vc_column][\/vc_column][vc_column][vc_row_inner][vc_column_inner width=&#8220;1\/3&#8243;][vc_column_text]Unser Erfolg h\u00e4ngt von unseren Mitarbeitern ab,&#8230;<\/p>\n","protected":false},"author":1,"featured_media":0,"parent":0,"menu_order":0,"comment_status":"closed","ping_status":"closed","template":"","meta":{"footnotes":""},"class_list":["post-115","page","type-page","status-publish","hentry"],"_links":{"self":[{"href":"https:\/\/unite.com.pt\/de\/wp-json\/wp\/v2\/pages\/115","targetHints":{"allow":["GET"]}}],"collection":[{"href":"https:\/\/unite.com.pt\/de\/wp-json\/wp\/v2\/pages"}],"about":[{"href":"https:\/\/unite.com.pt\/de\/wp-json\/wp\/v2\/types\/page"}],"author":[{"embeddable":true,"href":"https:\/\/unite.com.pt\/de\/wp-json\/wp\/v2\/users\/1"}],"replies":[{"embeddable":true,"href":"https:\/\/unite.com.pt\/de\/wp-json\/wp\/v2\/comments?post=115"}],"version-history":[{"count":49,"href":"https:\/\/unite.com.pt\/de\/wp-json\/wp\/v2\/pages\/115\/revisions"}],"predecessor-version":[{"id":5497,"href":"https:\/\/unite.com.pt\/de\/wp-json\/wp\/v2\/pages\/115\/revisions\/5497"}],"wp:attachment":[{"href":"https:\/\/unite.com.pt\/de\/wp-json\/wp\/v2\/media?parent=115"}],"curies":[{"name":"wp","href":"https:\/\/api.w.org\/{rel}","templated":true}]}}