{"id":102,"date":"2015-09-30T13:14:57","date_gmt":"2015-09-30T13:14:57","guid":{"rendered":"http:\/\/fuse.europadns.net\/?page_id=102"},"modified":"2023-03-03T16:41:49","modified_gmt":"2023-03-03T16:41:49","slug":"about","status":"publish","type":"page","link":"https:\/\/unite.com.pt\/de\/about\/","title":{"rendered":"Unite"},"content":{"rendered":"<p>[vc_row content_placement=&#8220;middle&#8220; css=&#8220;.vc_custom_1677861701800{margin-top: -30px !important;margin-bottom: 80px !important;}&#8220;][vc_column width=&#8220;1\/2&#8243;][vc_single_image image=&#8220;2222&#8243; img_size=&#8220;full&#8220; alignment=&#8220;center&#8220;][\/vc_column][vc_column width=&#8220;1\/2&#8243;][vc_row_inner content_placement=&#8220;middle&#8220;][vc_column_inner][vc_column_text]<strong>UNITE Global Tooling Solutions<\/strong> mit Aktivit\u00e4ten im Bereich Projektmanagement, Engineering und Herstellung von Formen f\u00fcr Kunststoffspritzguss und Druckguss.<\/p>\n<p>UNITE Global Tooling Solutions ist in eine solide Unternehmensgruppe mit Personalwesen und spezialisierten Technikern eingebunden und exportiert die meisten seiner Projekte auf internationale M\u00e4rkte, wodurch die Lieferung der am besten geeigneten L\u00f6sung gem\u00e4\u00df den spezifischen Bed\u00fcrfnissen jedes Kunden gew\u00e4hrleistet ist.<\/p>\n<p>Unser Team besteht aus Fachleuten mit langj\u00e4hriger Erfahrung im Projektmanagement und im Formenbau, vereint im Ziel, die volle Zufriedenheit unserer Kunden zu gew\u00e4hrleisten. Die Dynamik, Kreativit\u00e4t und Flexibilit\u00e4t unserer Mitarbeiter erm\u00f6glicht es uns, auf aktuelle Marktanforderungen optimal zu reagieren.[\/vc_column_text][\/vc_column_inner][\/vc_row_inner][\/vc_column][\/vc_row][vc_row][vc_column width=&#8220;1\/3&#8243; css=&#8220;.vc_custom_1472806744428{margin-bottom: 40px !important;}&#8220;][vc_column_text]<\/p>\n<h3 style=\"text-align: left;\"><span style=\"color: #ea8215;\">MISSION<\/span><\/h3>\n<hr style=\"margin-top: 4px;\" \/>\n<p style=\"text-align: left;\">Wir unterst\u00fctzen und kooperieren mit unseren Kunden und Lieferanten bei der Suche nach den besten technologischen L\u00f6sungen, antizipieren deren Bed\u00fcrfnisse und reagieren auf die Herausforderungen der M\u00e4rkte. Die langfristige Zusammenarbeit mit unseren Kunden und Lieferanten und deren volle Zufriedenheit motiviert die Organisation, Kreativit\u00e4t und Leidenschaft unseres Teams.<\/p>\n<p>[\/vc_column_text][\/vc_column][vc_column width=&#8220;1\/3&#8243; css=&#8220;.vc_custom_1472806750117{margin-bottom: 40px !important;}&#8220;][vc_column_text]<\/p>\n<h3 style=\"text-align: left;\"><span style=\"color: #ea8215;\">VISION<\/span><\/h3>\n<hr style=\"margin-top: 4px;\" \/>\n<p>UNITE strebt danach, als Referenzpartner in den M\u00e4rkten, in denen sie t\u00e4tig ist, anerkannt zu werden, indem sie jedem Projekt einen Mehrwert verleiht, unterst\u00fctzt durch eine Kultur der Qualit\u00e4t und Innovation, die auf Wissen und Erfahrung basiert. Unser Erfolg h\u00e4ngt von unseren Mitarbeitern ab, deshalb garantieren wir ein Arbeitsumfeld, das ihr volles Potenzial herausfordert und f\u00f6rdert.<\/p>\n<p>Professionalit\u00e4t und Vertrauen sind die S\u00e4ulen unserer Unternehmenskultur.[\/vc_column_text][\/vc_column][vc_column width=&#8220;1\/3&#8243;][vc_column_text]<\/p>\n<h3 style=\"text-align: left;\"><span style=\"color: #ea8215;\">WERTE<\/span><\/h3>\n<hr style=\"margin-top: 4px;\" \/>\n<p style=\"text-align: left;\"><strong>KUNDENORIENTIERT<br \/>\n<\/strong>Kompromissbereitschaft und zufriedenheit;<br \/>\n<strong>GENAUIGKEIT<br \/>\n<\/strong>Genaue umsetzung und kontinuierliche verbesserung;<br \/>\n<strong>INTERNE UND EXTERNE ZUSAMMENARBEIT<br \/>\n<\/strong>Durch teamarbeit und zusammenarbeit mit kunden und lieferanten;<br \/>\n<strong>WERTSCHAFFUNG<br \/>\n<\/strong>Durch ergebnisorientierung.<\/p>\n<p>[\/vc_column_text][\/vc_column][\/vc_row][vc_row css=&#8220;.vc_custom_1552480438694{margin-bottom: 80px !important;}&#8220;][vc_column][vc_column_text]<\/p>\n<h3 style=\"text-align: left;\"><span style=\"color: #ea8215;\">QUALIT\u00c4TSPOLITIK<\/span><\/h3>\n<hr \/>\n<p>Die Qualit\u00e4tspolitik von UNITE basiert auf den folgenden Prinzipien:<\/p>\n<p>&#8211; Erreichen einer hohen Kundenzufriedenheit im Bereich Design, Entwicklung und Produktion von Formen f\u00fcr Kunststoff und Spritzguss.<br \/>\n&#8211; Das Humankapital zu entwickeln;<br \/>\n&#8211; Umsetzung von Praktiken, die eine Kultur der Qualit\u00e4t und Innovation f\u00f6rdern;<br \/>\n&#8211; F\u00f6rderung von Vertrauen und Partnerschaft mit Kunden, Lieferanten und anderen Unternehmen (Entwicklungszentren);<br \/>\n&#8211; Aufrechterhaltung einer st\u00e4ndigen technischen und technologischen Aktualisierung der Ger\u00e4te, Systeme und Betreiber;<br \/>\n&#8211; Einhaltung gesetzlicher, kundenseitiger und regulatorischer Anforderungen;<br \/>\n&#8211; Kontinuierliche Verbesserung der Effizienz der Prozessleistung durch die Bereitstellung von Produkten und Dienstleistungen auf h\u00f6chstem technologischen Niveau.[\/vc_column_text][\/vc_column][\/vc_row]<\/p>","protected":false},"excerpt":{"rendered":"<p>[vc_row content_placement=&#8220;middle&#8220; css=&#8220;.vc_custom_1677861701800{margin-top: -30px !important;margin-bottom: 80px !important;}&#8220;][vc_column width=&#8220;1\/2&#8243;][vc_single_image image=&#8220;2222&#8243; img_size=&#8220;full&#8220; alignment=&#8220;center&#8220;][\/vc_column][vc_column width=&#8220;1\/2&#8243;][vc_row_inner content_placement=&#8220;middle&#8220;][vc_column_inner][vc_column_text]UNITE Global Tooling Solutions mit Aktivit\u00e4ten im Bereich Projektmanagement, Engineering und Herstellung von Formen f\u00fcr Kunststoffspritzguss und Druckguss. UNITE Global Tooling Solutions ist in eine solide Unternehmensgruppe mit Personalwesen und spezialisierten Technikern eingebunden und exportiert die meisten seiner Projekte auf internationale M\u00e4rkte, wodurch&#8230;<\/p>\n","protected":false},"author":1,"featured_media":0,"parent":0,"menu_order":0,"comment_status":"closed","ping_status":"closed","template":"","meta":{"footnotes":""},"class_list":["post-102","page","type-page","status-publish","hentry"],"_links":{"self":[{"href":"https:\/\/unite.com.pt\/de\/wp-json\/wp\/v2\/pages\/102","targetHints":{"allow":["GET"]}}],"collection":[{"href":"https:\/\/unite.com.pt\/de\/wp-json\/wp\/v2\/pages"}],"about":[{"href":"https:\/\/unite.com.pt\/de\/wp-json\/wp\/v2\/types\/page"}],"author":[{"embeddable":true,"href":"https:\/\/unite.com.pt\/de\/wp-json\/wp\/v2\/users\/1"}],"replies":[{"embeddable":true,"href":"https:\/\/unite.com.pt\/de\/wp-json\/wp\/v2\/comments?post=102"}],"version-history":[{"count":97,"href":"https:\/\/unite.com.pt\/de\/wp-json\/wp\/v2\/pages\/102\/revisions"}],"predecessor-version":[{"id":5442,"href":"https:\/\/unite.com.pt\/de\/wp-json\/wp\/v2\/pages\/102\/revisions\/5442"}],"wp:attachment":[{"href":"https:\/\/unite.com.pt\/de\/wp-json\/wp\/v2\/media?parent=102"}],"curies":[{"name":"wp","href":"https:\/\/api.w.org\/{rel}","templated":true}]}}